{"id":10,"date":"2025-10-22T20:38:39","date_gmt":"2025-10-22T20:38:39","guid":{"rendered":"https:\/\/baschecanada.com\/?page_id=10"},"modified":"2025-12-02T17:06:09","modified_gmt":"2025-12-02T17:06:09","slug":"about-me","status":"publish","type":"page","link":"https:\/\/baschecanada.com\/de\/about-me\/","title":{"rendered":"\u00dcber mich"},"content":{"rendered":"<div data-elementor-type=\"wp-page\" data-elementor-id=\"10\" class=\"elementor elementor-10\" data-elementor-post-type=\"page\">\n\t\t\t\t<div class=\"elementor-element elementor-element-e123ed0 e-flex e-con-boxed e-con e-parent\" data-id=\"e123ed0\" data-element_type=\"container\">\n\t\t\t\t\t<div class=\"e-con-inner\">\n\t\t<div class=\"elementor-element elementor-element-573a579 e-con-full e-flex e-con e-child\" data-id=\"573a579\" data-element_type=\"container\">\n\t\t<div class=\"elementor-element elementor-element-607d9d5 e-con-full e-flex e-con e-child\" data-id=\"607d9d5\" data-element_type=\"container\">\n\t\t\t\t<div class=\"elementor-element elementor-element-212f1f2 elementor-widget elementor-widget-image\" data-id=\"212f1f2\" data-element_type=\"widget\" data-widget_type=\"image.default\">\n\t\t\t\t\t\t\t\t\t\t\t\t\t\t\t<img fetchpriority=\"high\" decoding=\"async\" width=\"800\" height=\"534\" src=\"https:\/\/baschecanada.com\/wp-content\/uploads\/2025\/10\/Sept-27_-2024-LCO-65-1024x683.jpg\" class=\"attachment-large size-large wp-image-305\" alt=\"Andrea Basche Portrait\" srcset=\"https:\/\/baschecanada.com\/wp-content\/uploads\/2025\/10\/Sept-27_-2024-LCO-65-1024x683.jpg 1024w, https:\/\/baschecanada.com\/wp-content\/uploads\/2025\/10\/Sept-27_-2024-LCO-65-300x200.jpg 300w, https:\/\/baschecanada.com\/wp-content\/uploads\/2025\/10\/Sept-27_-2024-LCO-65-768x512.jpg 768w, https:\/\/baschecanada.com\/wp-content\/uploads\/2025\/10\/Sept-27_-2024-LCO-65-1536x1024.jpg 1536w, https:\/\/baschecanada.com\/wp-content\/uploads\/2025\/10\/Sept-27_-2024-LCO-65-18x12.jpg 18w, https:\/\/baschecanada.com\/wp-content\/uploads\/2025\/10\/Sept-27_-2024-LCO-65.jpg 1600w\" sizes=\"(max-width: 800px) 100vw, 800px\" \/>\t\t\t\t\t\t\t\t\t\t\t\t\t\t\t<\/div>\n\t\t\t\t<\/div>\n\t\t<div class=\"elementor-element elementor-element-bc5c634 e-con-full e-flex e-con e-child\" data-id=\"bc5c634\" data-element_type=\"container\">\n\t\t\t\t<div class=\"elementor-element elementor-element-c4d864f elementor-widget elementor-widget-heading\" data-id=\"c4d864f\" data-element_type=\"widget\" data-widget_type=\"heading.default\">\n\t\t\t\t\t<h1 class=\"elementor-heading-title elementor-size-default\">\u00dcber mich<\/h1>\t\t\t\t<\/div>\n\t\t\t\t<div class=\"elementor-element elementor-element-654099d elementor-widget elementor-widget-text-editor\" data-id=\"654099d\" data-element_type=\"widget\" data-widget_type=\"text-editor.default\">\n\t\t\t\t\t\t\t\t\t<p data-start=\"353\" data-end=\"469\">Willkommen und danke, dass Sie hier sind. Ich freue mich, ein wenig von meiner Geschichte zu erz\u00e4hlen \u2013 und davon, was mich hierher gef\u00fchrt hat.<\/p><p data-start=\"471\" data-end=\"902\">Urspr\u00fcnglich stamme ich aus Deutschland, doch seit 2007 nenne ich die wundersch\u00f6ne Stadt Vancouver in Kanada mein Zuhause. In den letzten vier Jahrzehnten habe ich eine vielseitige Karriere in der Immobilien- und Gesundheitsbranche aufgebaut. Als Gesch\u00e4fts-f\u00fchrerin mehrerer familiengef\u00fchrter Immobilienunternehmen konnte ich tiefgreifende Einblicke und wertvolle Erfahrungen in dieser Branche sammeln. Zus\u00e4tzlich habe ich ein innovatives Gesundheitskonzept entwickelt und eine eigene Klinik in Deutschland betrieben.<\/p>\t\t\t\t\t\t\t\t<\/div>\n\t\t\t\t<\/div>\n\t\t\t\t<\/div>\n\t\t<div class=\"elementor-element elementor-element-c478f7f e-con-full e-flex e-con e-child\" data-id=\"c478f7f\" data-element_type=\"container\">\n\t\t<div class=\"elementor-element elementor-element-62501b5 e-con-full e-flex e-con e-child\" data-id=\"62501b5\" data-element_type=\"container\">\n\t\t\t\t<div class=\"elementor-element elementor-element-898d100 elementor-widget elementor-widget-heading\" data-id=\"898d100\" data-element_type=\"widget\" data-widget_type=\"heading.default\">\n\t\t\t\t\t<h2 class=\"elementor-heading-title elementor-size-default\">Ein neues Kapitel in Kanada<\/h2>\t\t\t\t<\/div>\n\t\t\t\t<div class=\"elementor-element elementor-element-b425e0c elementor-widget__width-initial elementor-widget elementor-widget-text-editor\" data-id=\"b425e0c\" data-element_type=\"widget\" data-widget_type=\"text-editor.default\">\n\t\t\t\t\t\t\t\t\t<p data-start=\"943\" data-end=\"1340\">2007 traf ich die lebensver\u00e4ndernde Entscheidung, gemeinsam mit meinen zwei Kindern nach Kanada auszuwandern. Der Schritt war bedeutend, denn parallel zu meinem neuen Leben in Kanada bin ich weiterhin meinen unternehmerischen Verpflichtungen in Deutschland nachgekommen. Viele Jahre pendelte ich zwischen beiden L\u00e4ndern. W\u00e4hrend der Pandemie fasste ich schlie\u00dflich den Entschluss, in den Ruhestand zu gehen. Doch mein Unternehmergeist war noch nicht bereit, sich zur\u00fcckzuziehen. Die Zeit der Ruhe und Reflexion hat mir gezeigt, wie sehr ich es vermisse, etwas zu bewegen, Menschen zu verbinden und einen sinnvollen Beitrag zu leisten.<\/p><p data-start=\"1342\" data-end=\"1750\">So wurde mir klar: Ich m\u00f6chte anderen deutschsprachigen Unternehmer:innen und Familien helfen, ihren eigenen Weg nach Kanada zu finden. Ich kenne die Herausforderungen, die mit dem Aufbau eines Unternehmens und dem Start in einem neuen Land verbunden sind. Mein Ziel ist es, individuelle, pers\u00f6nliche Beratung und Concierge-Dienstleistungen vor Ort anzubieten \u2013 damit Sie Ihre Ziele in Kanada sicher und gut begleitet erreichen.<\/p>\t\t\t\t\t\t\t\t<\/div>\n\t\t\t\t<\/div>\n\t\t\t\t<\/div>\n\t\t<div class=\"elementor-element elementor-element-88a2557 e-con-full e-flex e-con e-child\" data-id=\"88a2557\" data-element_type=\"container\">\n\t\t<div class=\"elementor-element elementor-element-f57de90 e-con-full e-flex e-con e-child\" data-id=\"f57de90\" data-element_type=\"container\">\n\t\t\t\t<div class=\"elementor-element elementor-element-522e019 elementor-widget elementor-widget-image\" data-id=\"522e019\" data-element_type=\"widget\" data-widget_type=\"image.default\">\n\t\t\t\t\t\t\t\t\t\t\t\t\t\t\t<img decoding=\"async\" width=\"683\" height=\"1024\" src=\"https:\/\/baschecanada.com\/wp-content\/uploads\/2025\/11\/Sept-27_-2024-LCO-56-683x1024.jpeg\" class=\"attachment-large size-large wp-image-825\" alt=\"Contact Andrea Barth-Basche for German Relocation Support\" srcset=\"https:\/\/baschecanada.com\/wp-content\/uploads\/2025\/11\/Sept-27_-2024-LCO-56-683x1024.jpeg 683w, https:\/\/baschecanada.com\/wp-content\/uploads\/2025\/11\/Sept-27_-2024-LCO-56-200x300.jpeg 200w, https:\/\/baschecanada.com\/wp-content\/uploads\/2025\/11\/Sept-27_-2024-LCO-56-768x1152.jpeg 768w, https:\/\/baschecanada.com\/wp-content\/uploads\/2025\/11\/Sept-27_-2024-LCO-56-1024x1536.jpeg 1024w, https:\/\/baschecanada.com\/wp-content\/uploads\/2025\/11\/Sept-27_-2024-LCO-56-8x12.jpeg 8w, https:\/\/baschecanada.com\/wp-content\/uploads\/2025\/11\/Sept-27_-2024-LCO-56.jpeg 1067w\" sizes=\"(max-width: 683px) 100vw, 683px\" \/>\t\t\t\t\t\t\t\t\t\t\t\t\t\t\t<\/div>\n\t\t\t\t<\/div>\n\t\t<div class=\"elementor-element elementor-element-01a5891 e-con-full e-flex e-con e-child\" data-id=\"01a5891\" data-element_type=\"container\">\n\t\t\t\t<div class=\"elementor-element elementor-element-2181271 elementor-widget elementor-widget-heading\" data-id=\"2181271\" data-element_type=\"widget\" data-widget_type=\"heading.default\">\n\t\t\t\t\t<h2 class=\"elementor-heading-title elementor-size-default\">Br\u00fccken bauen zwischen Deutschland und Kanada<\/h2>\t\t\t\t<\/div>\n\t\t\t\t<div class=\"elementor-element elementor-element-ef56099 elementor-widget__width-initial elementor-widget elementor-widget-text-editor\" data-id=\"ef56099\" data-element_type=\"widget\" data-widget_type=\"text-editor.default\">\n\t\t\t\t\t\t\t\t\t<p data-start=\"1811\" data-end=\"2132\">Durch meine jahrzehntelange Erfahrung habe ich ein tiefes Verst\u00e4ndnis f\u00fcr die kanadische Kultur und die feinen Unterschiede im t\u00e4glichen Leben hier entwickelt. Ich begleite Sie durch H\u00f6hen und Tiefen und helfe Ihnen, fundierte Entscheidungen zu treffen. Ganz gleich, ob es um die Zusammenarbeit mit Anw\u00e4lten, Steuerberatern oder das Verst\u00e4ndnis kanadischer Gepflogenheiten geht.<\/p><p data-start=\"2134\" data-end=\"2492\">Als Pr\u00e4sidentin der <a href=\"https:\/\/www.mygcba.com\/\" target=\"_blank\" rel=\"noopener\">German Canadian Business Association (GCBA)<\/a>habe ich au\u00dferdem die M\u00f6glichkeit, eine Gemeinschaft von Unternehmer:innen und Fachkr\u00e4ften zu unterst\u00fctzen, die \u2013 wie ich \u2013 eine starke Verbindung zwischen Deutschland und Kanada teilen. Diese Rolle erlaubt es mir, Menschen zusammenzubringen, Wissen auszutauschen und Neuank\u00f6mmlinge sowohl gesch\u00e4ftlich als auch privat beim Ankommen in Kanada zu unterst\u00fctzen.<\/p><p data-start=\"2494\" data-end=\"2749\">Meine Mission ist es, Ihnen ein umfassendes Unterst\u00fctzungssystem zu bieten \u2013 eine Kombination aus gesch\u00e4ftlichem Know-how und praxisnaher Begleitung. Ich m\u00f6chte Ihren Start in Kanada nicht nur erfolgreich, sondern auch angenehm gestalten \u2013 mit einem Gef\u00fchl von Sicherheit, Vertrauen und Zugeh\u00f6rigkeit von Anfang an.<\/p>\t\t\t\t\t\t\t\t<\/div>\n\t\t\t\t<\/div>\n\t\t\t\t<\/div>\n\t\t\t\t\t<\/div>\n\t\t\t\t<\/div>\n\t\t\t\t<\/div>","protected":false},"excerpt":{"rendered":"<p>About Me Welcome, and thank you for stopping by. I\u2019m happy to share a little bit about my story and what brought me here. Originally from Germany, I have called the beautiful city of Vancouver, Canada, my home since 2007. Over the past four decades, I have built a diverse career in both real estate [&hellip;]<\/p>","protected":false},"author":1,"featured_media":0,"parent":0,"menu_order":0,"comment_status":"closed","ping_status":"closed","template":"","meta":{"footnotes":""},"class_list":["post-10","page","type-page","status-publish","hentry"],"yoast_head":"<!-- This site is optimized with the Yoast SEO plugin v26.4 - https:\/\/yoast.com\/wordpress\/plugins\/seo\/ -->\n<title>Support for German Entrepreneurs in Canada | Basche Canada<\/title>\n<meta name=\"description\" content=\"Helping German entrepreneurs and families succeed in Canada with cultural insight, hands-on support, and trusted local experience.\" \/>\n<meta name=\"robots\" content=\"index, follow, max-snippet:-1, max-image-preview:large, max-video-preview:-1\" \/>\n<link rel=\"canonical\" href=\"https:\/\/baschecanada.com\/de\/about-me\/\" \/>\n<meta property=\"og:locale\" content=\"de_DE\" \/>\n<meta property=\"og:type\" content=\"article\" \/>\n<meta property=\"og:title\" content=\"Support for German Entrepreneurs in Canada | Basche Canada\" \/>\n<meta property=\"og:description\" content=\"Helping German entrepreneurs and families succeed in Canada with cultural insight, hands-on support, and trusted local experience.\" \/>\n<meta property=\"og:url\" content=\"https:\/\/baschecanada.com\/de\/about-me\/\" \/>\n<meta property=\"og:site_name\" content=\"baschecanada.com\" \/>\n<meta property=\"article:modified_time\" content=\"2025-12-02T17:06:09+00:00\" \/>\n<meta property=\"og:image\" content=\"https:\/\/baschecanada.com\/wp-content\/uploads\/2025\/10\/Sept-27_-2024-LCO-65.jpg\" \/>\n\t<meta property=\"og:image:width\" content=\"1600\" \/>\n\t<meta property=\"og:image:height\" content=\"1067\" \/>\n\t<meta property=\"og:image:type\" content=\"image\/jpeg\" \/>\n<meta name=\"twitter:card\" content=\"summary_large_image\" \/>\n<meta name=\"twitter:label1\" content=\"Gesch\u00e4tzte Lesezeit\" \/>\n\t<meta name=\"twitter:data1\" content=\"2\u00a0Minuten\" \/>\n<script type=\"application\/ld+json\" class=\"yoast-schema-graph\">{\"@context\":\"https:\/\/schema.org\",\"@graph\":[{\"@type\":\"WebPage\",\"@id\":\"https:\/\/baschecanada.com\/about-me\/\",\"url\":\"https:\/\/baschecanada.com\/about-me\/\",\"name\":\"Support for German Entrepreneurs in Canada | Basche Canada\",\"isPartOf\":{\"@id\":\"https:\/\/baschecanada.com\/#website\"},\"primaryImageOfPage\":{\"@id\":\"https:\/\/baschecanada.com\/about-me\/#primaryimage\"},\"image\":{\"@id\":\"https:\/\/baschecanada.com\/about-me\/#primaryimage\"},\"thumbnailUrl\":\"https:\/\/baschecanada.com\/wp-content\/uploads\/2025\/10\/Sept-27_-2024-LCO-65-1024x683.jpg\",\"datePublished\":\"2025-10-22T20:38:39+00:00\",\"dateModified\":\"2025-12-02T17:06:09+00:00\",\"description\":\"Helping German entrepreneurs and families succeed in Canada with cultural insight, hands-on support, and trusted local experience.\",\"breadcrumb\":{\"@id\":\"https:\/\/baschecanada.com\/about-me\/#breadcrumb\"},\"inLanguage\":\"de\",\"potentialAction\":[{\"@type\":\"ReadAction\",\"target\":[\"https:\/\/baschecanada.com\/about-me\/\"]}]},{\"@type\":\"ImageObject\",\"inLanguage\":\"de\",\"@id\":\"https:\/\/baschecanada.com\/about-me\/#primaryimage\",\"url\":\"https:\/\/baschecanada.com\/wp-content\/uploads\/2025\/10\/Sept-27_-2024-LCO-65-1024x683.jpg\",\"contentUrl\":\"https:\/\/baschecanada.com\/wp-content\/uploads\/2025\/10\/Sept-27_-2024-LCO-65-1024x683.jpg\"},{\"@type\":\"BreadcrumbList\",\"@id\":\"https:\/\/baschecanada.com\/about-me\/#breadcrumb\",\"itemListElement\":[{\"@type\":\"ListItem\",\"position\":1,\"name\":\"Home\",\"item\":\"https:\/\/baschecanada.com\/\"},{\"@type\":\"ListItem\",\"position\":2,\"name\":\"About Me\"}]},{\"@type\":\"WebSite\",\"@id\":\"https:\/\/baschecanada.com\/#website\",\"url\":\"https:\/\/baschecanada.com\/\",\"name\":\"baschecanada.com\",\"description\":\"\",\"publisher\":{\"@id\":\"https:\/\/baschecanada.com\/#organization\"},\"potentialAction\":[{\"@type\":\"SearchAction\",\"target\":{\"@type\":\"EntryPoint\",\"urlTemplate\":\"https:\/\/baschecanada.com\/?s={search_term_string}\"},\"query-input\":{\"@type\":\"PropertyValueSpecification\",\"valueRequired\":true,\"valueName\":\"search_term_string\"}}],\"inLanguage\":\"de\"},{\"@type\":\"Organization\",\"@id\":\"https:\/\/baschecanada.com\/#organization\",\"name\":\"baschecanada.com\",\"url\":\"https:\/\/baschecanada.com\/\",\"logo\":{\"@type\":\"ImageObject\",\"inLanguage\":\"de\",\"@id\":\"https:\/\/baschecanada.com\/#\/schema\/logo\/image\/\",\"url\":\"https:\/\/baschecanada.com\/wp-content\/uploads\/2025\/10\/Basche-Canada-1-scaled.png\",\"contentUrl\":\"https:\/\/baschecanada.com\/wp-content\/uploads\/2025\/10\/Basche-Canada-1-scaled.png\",\"width\":2560,\"height\":531,\"caption\":\"baschecanada.com\"},\"image\":{\"@id\":\"https:\/\/baschecanada.com\/#\/schema\/logo\/image\/\"}}]}<\/script>\n<!-- \/ Yoast SEO plugin. -->","yoast_head_json":{"title":"Support for German Entrepreneurs in Canada | Basche Canada","description":"Helping German entrepreneurs and families succeed in Canada with cultural insight, hands-on support, and trusted local experience.","robots":{"index":"index","follow":"follow","max-snippet":"max-snippet:-1","max-image-preview":"max-image-preview:large","max-video-preview":"max-video-preview:-1"},"canonical":"https:\/\/baschecanada.com\/de\/about-me\/","og_locale":"de_DE","og_type":"article","og_title":"Support for German Entrepreneurs in Canada | Basche Canada","og_description":"Helping German entrepreneurs and families succeed in Canada with cultural insight, hands-on support, and trusted local experience.","og_url":"https:\/\/baschecanada.com\/de\/about-me\/","og_site_name":"baschecanada.com","article_modified_time":"2025-12-02T17:06:09+00:00","og_image":[{"width":1600,"height":1067,"url":"https:\/\/baschecanada.com\/wp-content\/uploads\/2025\/10\/Sept-27_-2024-LCO-65.jpg","type":"image\/jpeg"}],"twitter_card":"summary_large_image","twitter_misc":{"Gesch\u00e4tzte Lesezeit":"2\u00a0Minuten"},"schema":{"@context":"https:\/\/schema.org","@graph":[{"@type":"WebPage","@id":"https:\/\/baschecanada.com\/about-me\/","url":"https:\/\/baschecanada.com\/about-me\/","name":"Support for German Entrepreneurs in Canada | Basche Canada","isPartOf":{"@id":"https:\/\/baschecanada.com\/#website"},"primaryImageOfPage":{"@id":"https:\/\/baschecanada.com\/about-me\/#primaryimage"},"image":{"@id":"https:\/\/baschecanada.com\/about-me\/#primaryimage"},"thumbnailUrl":"https:\/\/baschecanada.com\/wp-content\/uploads\/2025\/10\/Sept-27_-2024-LCO-65-1024x683.jpg","datePublished":"2025-10-22T20:38:39+00:00","dateModified":"2025-12-02T17:06:09+00:00","description":"Helping German entrepreneurs and families succeed in Canada with cultural insight, hands-on support, and trusted local experience.","breadcrumb":{"@id":"https:\/\/baschecanada.com\/about-me\/#breadcrumb"},"inLanguage":"de","potentialAction":[{"@type":"ReadAction","target":["https:\/\/baschecanada.com\/about-me\/"]}]},{"@type":"ImageObject","inLanguage":"de","@id":"https:\/\/baschecanada.com\/about-me\/#primaryimage","url":"https:\/\/baschecanada.com\/wp-content\/uploads\/2025\/10\/Sept-27_-2024-LCO-65-1024x683.jpg","contentUrl":"https:\/\/baschecanada.com\/wp-content\/uploads\/2025\/10\/Sept-27_-2024-LCO-65-1024x683.jpg"},{"@type":"BreadcrumbList","@id":"https:\/\/baschecanada.com\/about-me\/#breadcrumb","itemListElement":[{"@type":"ListItem","position":1,"name":"Home","item":"https:\/\/baschecanada.com\/"},{"@type":"ListItem","position":2,"name":"About Me"}]},{"@type":"WebSite","@id":"https:\/\/baschecanada.com\/#website","url":"https:\/\/baschecanada.com\/","name":"baschecanada.com","description":"","publisher":{"@id":"https:\/\/baschecanada.com\/#organization"},"potentialAction":[{"@type":"SearchAction","target":{"@type":"EntryPoint","urlTemplate":"https:\/\/baschecanada.com\/?s={search_term_string}"},"query-input":{"@type":"PropertyValueSpecification","valueRequired":true,"valueName":"search_term_string"}}],"inLanguage":"de"},{"@type":"Organization","@id":"https:\/\/baschecanada.com\/#organization","name":"baschecanada.com","url":"https:\/\/baschecanada.com\/","logo":{"@type":"ImageObject","inLanguage":"de","@id":"https:\/\/baschecanada.com\/#\/schema\/logo\/image\/","url":"https:\/\/baschecanada.com\/wp-content\/uploads\/2025\/10\/Basche-Canada-1-scaled.png","contentUrl":"https:\/\/baschecanada.com\/wp-content\/uploads\/2025\/10\/Basche-Canada-1-scaled.png","width":2560,"height":531,"caption":"baschecanada.com"},"image":{"@id":"https:\/\/baschecanada.com\/#\/schema\/logo\/image\/"}}]}},"_links":{"self":[{"href":"https:\/\/baschecanada.com\/de\/wp-json\/wp\/v2\/pages\/10","targetHints":{"allow":["GET"]}}],"collection":[{"href":"https:\/\/baschecanada.com\/de\/wp-json\/wp\/v2\/pages"}],"about":[{"href":"https:\/\/baschecanada.com\/de\/wp-json\/wp\/v2\/types\/page"}],"author":[{"embeddable":true,"href":"https:\/\/baschecanada.com\/de\/wp-json\/wp\/v2\/users\/1"}],"replies":[{"embeddable":true,"href":"https:\/\/baschecanada.com\/de\/wp-json\/wp\/v2\/comments?post=10"}],"version-history":[{"count":82,"href":"https:\/\/baschecanada.com\/de\/wp-json\/wp\/v2\/pages\/10\/revisions"}],"predecessor-version":[{"id":1042,"href":"https:\/\/baschecanada.com\/de\/wp-json\/wp\/v2\/pages\/10\/revisions\/1042"}],"wp:attachment":[{"href":"https:\/\/baschecanada.com\/de\/wp-json\/wp\/v2\/media?parent=10"}],"curies":[{"name":"wp","href":"https:\/\/api.w.org\/{rel}","templated":true}]}}