{"id":19,"date":"2025-10-23T14:01:24","date_gmt":"2025-10-23T14:01:24","guid":{"rendered":"https:\/\/baschecanada.com\/?page_id=19"},"modified":"2025-11-28T06:37:18","modified_gmt":"2025-11-28T06:37:18","slug":"contact","status":"publish","type":"page","link":"https:\/\/baschecanada.com\/de\/contact\/","title":{"rendered":"Kontakt"},"content":{"rendered":"<div data-elementor-type=\"wp-page\" data-elementor-id=\"19\" class=\"elementor elementor-19\" data-elementor-post-type=\"page\">\n\t\t\t\t<div class=\"elementor-element elementor-element-690d54d e-flex e-con-boxed e-con e-parent\" data-id=\"690d54d\" data-element_type=\"container\">\n\t\t\t\t\t<div class=\"e-con-inner\">\n\t\t<div class=\"elementor-element elementor-element-8ff3a3b e-con-full e-flex e-con e-child\" data-id=\"8ff3a3b\" data-element_type=\"container\">\n\t\t\t\t<div class=\"elementor-element elementor-element-2261caf elementor-widget elementor-widget-heading\" data-id=\"2261caf\" data-element_type=\"widget\" data-widget_type=\"heading.default\">\n\t\t\t\t\t<h2 class=\"elementor-heading-title elementor-size-default\">Kontaktieren Sie mich direkt<\/h2>\t\t\t\t<\/div>\n\t\t\t\t<div class=\"elementor-element elementor-element-0825266 elementor-widget elementor-widget-text-editor\" data-id=\"0825266\" data-element_type=\"widget\" data-widget_type=\"text-editor.default\">\n\t\t\t\t\t\t\t\t\t<p>Sie haben Fragen oder m\u00f6chten besprechen, wie ich Sie bei Ihrem Umzug oder Ihrer gesch\u00e4ftlichen Expansion nach Kanada unterst\u00fctzen kann?<\/p><p>Schreiben Sie mir gerne eine E-Mail mit einer kurzen Beschreibung Ihrer Situation. <br \/>Ich antworte in der Regel innerhalb eines Werktages pers\u00f6nlich auf Ihre Anfrage.<\/p>\t\t\t\t\t\t\t\t<\/div>\n\t\t\t\t<div class=\"elementor-element elementor-element-fbc5775 elementor-widget elementor-widget-text-editor\" data-id=\"fbc5775\" data-element_type=\"widget\" data-widget_type=\"text-editor.default\">\n\t\t\t\t\t\t\t\t\t<p>Email: andrea@baschecanada.com<\/p>\t\t\t\t\t\t\t\t<\/div>\n\t\t\t\t<div class=\"elementor-element elementor-element-8804c6f elementor-hidden-mobile elementor-widget elementor-widget-google_maps\" data-id=\"8804c6f\" data-element_type=\"widget\" data-widget_type=\"google_maps.default\">\n\t\t\t\t\t\t\t<div class=\"elementor-custom-embed\">\n\t\t\t<iframe loading=\"lazy\"\n\t\t\t\t\tsrc=\"https:\/\/maps.google.com\/maps?q=vancouver&#038;t=m&#038;z=10&#038;output=embed&#038;iwloc=near\"\n\t\t\t\t\ttitle=\"vancouver\"\n\t\t\t\t\taria-label=\"vancouver\"\n\t\t\t><\/iframe>\n\t\t<\/div>\n\t\t\t\t\t\t<\/div>\n\t\t\t\t<\/div>\n\t\t<div class=\"elementor-element elementor-element-4c38435 e-con-full e-flex e-con e-child\" data-id=\"4c38435\" data-element_type=\"container\">\n\t\t\t\t<div class=\"elementor-element elementor-element-90a8a4f elementor-widget elementor-widget-heading\" data-id=\"90a8a4f\" data-element_type=\"widget\" data-widget_type=\"heading.default\">\n\t\t\t\t\t<h2 class=\"elementor-heading-title elementor-size-default\">Lassen Sie uns \u00fcber Ihre Pl\u00e4ne sprechen<\/h2>\t\t\t\t<\/div>\n\t\t\t\t<div class=\"elementor-element elementor-element-b550519 elementor-widget elementor-widget-text-editor\" data-id=\"b550519\" data-element_type=\"widget\" data-widget_type=\"text-editor.default\">\n\t\t\t\t\t\t\t\t\t<p data-start=\"215\" data-end=\"566\">Jeder Mensch und jede Situation ist einzigartig. Bitte f\u00fcllen Sie das untenstehende Formular aus, damit ich Ihre Ziele besser verstehen und den besten Weg finden kann, Sie bei Ihrem Umzug oder Ihrer gesch\u00e4ftlichen Neuorientierung in Kanada zu unterst\u00fctzen.<br data-start=\"420\" data-end=\"423\" \/>Nachdem ich Ihre Anfrage erhalten habe, kontaktiere ich Sie pers\u00f6nlich, um ein kostenloses Erstgespr\u00e4ch zu vereinbaren und gemeinsam zu kl\u00e4ren, wie ich Sie beim Start bestm\u00f6glich unterst\u00fctzen kann.<\/p>\t\t\t\t\t\t\t\t<\/div>\n\t\t<div class=\"elementor-element elementor-element-ef3f80f e-con-full e-flex e-con e-child\" data-id=\"ef3f80f\" data-element_type=\"container\">\n\t\t\t\t<div class=\"elementor-element elementor-element-62df908 elementor-button-align-stretch elementor-widget elementor-widget-form\" data-id=\"62df908\" data-element_type=\"widget\" data-settings=\"{&quot;step_next_label&quot;:&quot;Next&quot;,&quot;step_previous_label&quot;:&quot;Previous&quot;,&quot;button_width&quot;:&quot;100&quot;,&quot;step_type&quot;:&quot;number_text&quot;,&quot;step_icon_shape&quot;:&quot;circle&quot;}\" data-widget_type=\"form.default\">\n\t\t\t\t\t\t\t<form class=\"elementor-form\" method=\"post\" name=\"New Form\" aria-label=\"New Form\" action=\"\">\n\t\t\t<input type=\"hidden\" name=\"post_id\" value=\"19\"\/>\n\t\t\t<input type=\"hidden\" name=\"form_id\" value=\"62df908\"\/>\n\t\t\t<input type=\"hidden\" name=\"referer_title\" value=\"baschecanada.com\" \/>\n\n\t\t\t\n\t\t\t<div class=\"elementor-form-fields-wrapper elementor-labels-above\">\n\t\t\t\t\t\t\t\t<div class=\"elementor-field-type-text elementor-field-group elementor-column elementor-field-group-name elementor-col-100\">\n\t\t\t\t\t\t\t\t\t\t\t\t<label for=\"form-field-name\" class=\"elementor-field-label\">\n\t\t\t\t\t\t\t\tName\t\t\t\t\t\t\t<\/label>\n\t\t\t\t\t\t\t\t\t\t\t\t\t\t<input size=\"1\" type=\"text\" name=\"form_fields[name]\" id=\"form-field-name\" class=\"elementor-field elementor-size-sm  elementor-field-textual\">\n\t\t\t\t\t\t\t\t\t\t\t<\/div>\n\t\t\t\t\t\t\t\t<div class=\"elementor-field-type-email elementor-field-group elementor-column elementor-field-group-email elementor-col-100 elementor-field-required\">\n\t\t\t\t\t\t\t\t\t\t\t\t<label for=\"form-field-email\" class=\"elementor-field-label\">\n\t\t\t\t\t\t\t\tE-Mail\t\t\t\t\t\t\t<\/label>\n\t\t\t\t\t\t\t\t\t\t\t\t\t\t<input size=\"1\" type=\"email\" name=\"form_fields[email]\" id=\"form-field-email\" class=\"elementor-field elementor-size-sm  elementor-field-textual\" required=\"required\">\n\t\t\t\t\t\t\t\t\t\t\t<\/div>\n\t\t\t\t\t\t\t\t<div class=\"elementor-field-type-textarea elementor-field-group elementor-column elementor-field-group-message elementor-col-100\">\n\t\t\t\t\t\t\t\t\t\t\t\t<label for=\"form-field-message\" class=\"elementor-field-label\">\n\t\t\t\t\t\t\t\tNachricht\t\t\t\t\t\t\t<\/label>\n\t\t\t\t\t\t<textarea class=\"elementor-field-textual elementor-field  elementor-size-sm\" name=\"form_fields[message]\" id=\"form-field-message\" rows=\"4\"><\/textarea>\t\t\t\t<\/div>\n\t\t\t\t\t\t\t\t<div class=\"elementor-field-type-recaptcha_v3 elementor-field-group elementor-column elementor-field-group-field_23bec87 elementor-col-100 recaptcha_v3-bottomright\">\n\t\t\t\t\t<div class=\"elementor-field\" id=\"form-field-field_23bec87\"><div class=\"elementor-g-recaptcha\" data-sitekey=\"6LdEWwEsAAAAAAHrFVCFeJWTD7U_gV8m92hDmIXD\" data-type=\"v3\" data-action=\"Form\" data-badge=\"bottomright\" data-size=\"invisible\"><\/div><\/div>\t\t\t\t<\/div>\n\t\t\t\t\t\t\t\t<div class=\"elementor-field-group elementor-column elementor-field-type-submit elementor-col-100 e-form__buttons\">\n\t\t\t\t\t<button class=\"elementor-button elementor-size-sm\" type=\"submit\">\n\t\t\t\t\t\t<span class=\"elementor-button-content-wrapper\">\n\t\t\t\t\t\t\t\t\t\t\t\t\t\t\t\t\t\t\t\t\t\t<span class=\"elementor-button-text\">Send<\/span>\n\t\t\t\t\t\t\t\t\t\t\t\t\t<\/span>\n\t\t\t\t\t<\/button>\n\t\t\t\t<\/div>\n\t\t\t<\/div>\n\t\t<input type=\"hidden\" name=\"trp-form-language\" value=\"de\"\/><\/form>\n\t\t\t\t\t\t<\/div>\n\t\t\t\t<\/div>\n\t\t\t\t<\/div>\n\t\t\t\t\t<\/div>\n\t\t\t\t<\/div>\n\t\t\t\t<\/div>","protected":false},"excerpt":{"rendered":"<p>Contact me directly Send me an email with your request, and I will get back to you. Feel free to share a brief overview of your situation or the support you\u2019re looking for. I typically respond within one business day. Email: andrea@baschecanada.com Tell me about your Idea Every person and situation is unique. Please fill [&hellip;]<\/p>","protected":false},"author":1,"featured_media":825,"parent":0,"menu_order":0,"comment_status":"closed","ping_status":"closed","template":"","meta":{"footnotes":""},"class_list":["post-19","page","type-page","status-publish","has-post-thumbnail","hentry"],"yoast_head":"<!-- This site is optimized with the Yoast SEO plugin v26.4 - https:\/\/yoast.com\/wordpress\/plugins\/seo\/ -->\n<title>Contact for German Relocation Support \u2013 Reach Out Today<\/title>\n<meta name=\"description\" content=\"Get in touch to discuss your relocation to Canada. Personal support for German-speaking individuals and families, tailored to your needs.\" \/>\n<meta name=\"robots\" content=\"index, follow, max-snippet:-1, max-image-preview:large, max-video-preview:-1\" \/>\n<link rel=\"canonical\" href=\"https:\/\/baschecanada.com\/de\/contact\/\" \/>\n<meta property=\"og:locale\" content=\"de_DE\" \/>\n<meta property=\"og:type\" content=\"article\" \/>\n<meta property=\"og:title\" content=\"Contact for German Relocation Support \u2013 Reach Out Today\" \/>\n<meta property=\"og:description\" content=\"Get in touch to discuss your relocation to Canada. Personal support for German-speaking individuals and families, tailored to your needs.\" \/>\n<meta property=\"og:url\" content=\"https:\/\/baschecanada.com\/de\/contact\/\" \/>\n<meta property=\"og:site_name\" content=\"baschecanada.com\" \/>\n<meta property=\"article:modified_time\" content=\"2025-11-28T06:37:18+00:00\" \/>\n<meta property=\"og:image\" content=\"https:\/\/baschecanada.com\/wp-content\/uploads\/2025\/11\/Sept-27_-2024-LCO-56.jpeg\" \/>\n\t<meta property=\"og:image:width\" content=\"1067\" \/>\n\t<meta property=\"og:image:height\" content=\"1600\" \/>\n\t<meta property=\"og:image:type\" content=\"image\/jpeg\" \/>\n<meta name=\"twitter:card\" content=\"summary_large_image\" \/>\n<meta name=\"twitter:label1\" content=\"Gesch\u00e4tzte Lesezeit\" \/>\n\t<meta name=\"twitter:data1\" content=\"1\u00a0Minute\" \/>\n<script type=\"application\/ld+json\" class=\"yoast-schema-graph\">{\"@context\":\"https:\/\/schema.org\",\"@graph\":[{\"@type\":\"WebPage\",\"@id\":\"https:\/\/baschecanada.com\/contact\/\",\"url\":\"https:\/\/baschecanada.com\/contact\/\",\"name\":\"Contact for German Relocation Support \u2013 Reach Out Today\",\"isPartOf\":{\"@id\":\"https:\/\/baschecanada.com\/#website\"},\"primaryImageOfPage\":{\"@id\":\"https:\/\/baschecanada.com\/contact\/#primaryimage\"},\"image\":{\"@id\":\"https:\/\/baschecanada.com\/contact\/#primaryimage\"},\"thumbnailUrl\":\"https:\/\/baschecanada.com\/wp-content\/uploads\/2025\/11\/Sept-27_-2024-LCO-56.jpeg\",\"datePublished\":\"2025-10-23T14:01:24+00:00\",\"dateModified\":\"2025-11-28T06:37:18+00:00\",\"description\":\"Get in touch to discuss your relocation to Canada. Personal support for German-speaking individuals and families, tailored to your needs.\",\"breadcrumb\":{\"@id\":\"https:\/\/baschecanada.com\/contact\/#breadcrumb\"},\"inLanguage\":\"de\",\"potentialAction\":[{\"@type\":\"ReadAction\",\"target\":[\"https:\/\/baschecanada.com\/contact\/\"]}]},{\"@type\":\"ImageObject\",\"inLanguage\":\"de\",\"@id\":\"https:\/\/baschecanada.com\/contact\/#primaryimage\",\"url\":\"https:\/\/baschecanada.com\/wp-content\/uploads\/2025\/11\/Sept-27_-2024-LCO-56.jpeg\",\"contentUrl\":\"https:\/\/baschecanada.com\/wp-content\/uploads\/2025\/11\/Sept-27_-2024-LCO-56.jpeg\",\"width\":1067,\"height\":1600,\"caption\":\"Contact Andrea Barth-Basche for German Relocation Support\"},{\"@type\":\"BreadcrumbList\",\"@id\":\"https:\/\/baschecanada.com\/contact\/#breadcrumb\",\"itemListElement\":[{\"@type\":\"ListItem\",\"position\":1,\"name\":\"Home\",\"item\":\"https:\/\/baschecanada.com\/\"},{\"@type\":\"ListItem\",\"position\":2,\"name\":\"Contact\"}]},{\"@type\":\"WebSite\",\"@id\":\"https:\/\/baschecanada.com\/#website\",\"url\":\"https:\/\/baschecanada.com\/\",\"name\":\"baschecanada.com\",\"description\":\"\",\"publisher\":{\"@id\":\"https:\/\/baschecanada.com\/#organization\"},\"potentialAction\":[{\"@type\":\"SearchAction\",\"target\":{\"@type\":\"EntryPoint\",\"urlTemplate\":\"https:\/\/baschecanada.com\/?s={search_term_string}\"},\"query-input\":{\"@type\":\"PropertyValueSpecification\",\"valueRequired\":true,\"valueName\":\"search_term_string\"}}],\"inLanguage\":\"de\"},{\"@type\":\"Organization\",\"@id\":\"https:\/\/baschecanada.com\/#organization\",\"name\":\"baschecanada.com\",\"url\":\"https:\/\/baschecanada.com\/\",\"logo\":{\"@type\":\"ImageObject\",\"inLanguage\":\"de\",\"@id\":\"https:\/\/baschecanada.com\/#\/schema\/logo\/image\/\",\"url\":\"https:\/\/baschecanada.com\/wp-content\/uploads\/2025\/10\/Basche-Canada-1-scaled.png\",\"contentUrl\":\"https:\/\/baschecanada.com\/wp-content\/uploads\/2025\/10\/Basche-Canada-1-scaled.png\",\"width\":2560,\"height\":531,\"caption\":\"baschecanada.com\"},\"image\":{\"@id\":\"https:\/\/baschecanada.com\/#\/schema\/logo\/image\/\"}}]}<\/script>\n<!-- \/ Yoast SEO plugin. -->","yoast_head_json":{"title":"Contact for German Relocation Support \u2013 Reach Out Today","description":"Get in touch to discuss your relocation to Canada. Personal support for German-speaking individuals and families, tailored to your needs.","robots":{"index":"index","follow":"follow","max-snippet":"max-snippet:-1","max-image-preview":"max-image-preview:large","max-video-preview":"max-video-preview:-1"},"canonical":"https:\/\/baschecanada.com\/de\/contact\/","og_locale":"de_DE","og_type":"article","og_title":"Contact for German Relocation Support \u2013 Reach Out Today","og_description":"Get in touch to discuss your relocation to Canada. Personal support for German-speaking individuals and families, tailored to your needs.","og_url":"https:\/\/baschecanada.com\/de\/contact\/","og_site_name":"baschecanada.com","article_modified_time":"2025-11-28T06:37:18+00:00","og_image":[{"width":1067,"height":1600,"url":"https:\/\/baschecanada.com\/wp-content\/uploads\/2025\/11\/Sept-27_-2024-LCO-56.jpeg","type":"image\/jpeg"}],"twitter_card":"summary_large_image","twitter_misc":{"Gesch\u00e4tzte Lesezeit":"1\u00a0Minute"},"schema":{"@context":"https:\/\/schema.org","@graph":[{"@type":"WebPage","@id":"https:\/\/baschecanada.com\/contact\/","url":"https:\/\/baschecanada.com\/contact\/","name":"Contact for German Relocation Support \u2013 Reach Out Today","isPartOf":{"@id":"https:\/\/baschecanada.com\/#website"},"primaryImageOfPage":{"@id":"https:\/\/baschecanada.com\/contact\/#primaryimage"},"image":{"@id":"https:\/\/baschecanada.com\/contact\/#primaryimage"},"thumbnailUrl":"https:\/\/baschecanada.com\/wp-content\/uploads\/2025\/11\/Sept-27_-2024-LCO-56.jpeg","datePublished":"2025-10-23T14:01:24+00:00","dateModified":"2025-11-28T06:37:18+00:00","description":"Get in touch to discuss your relocation to Canada. Personal support for German-speaking individuals and families, tailored to your needs.","breadcrumb":{"@id":"https:\/\/baschecanada.com\/contact\/#breadcrumb"},"inLanguage":"de","potentialAction":[{"@type":"ReadAction","target":["https:\/\/baschecanada.com\/contact\/"]}]},{"@type":"ImageObject","inLanguage":"de","@id":"https:\/\/baschecanada.com\/contact\/#primaryimage","url":"https:\/\/baschecanada.com\/wp-content\/uploads\/2025\/11\/Sept-27_-2024-LCO-56.jpeg","contentUrl":"https:\/\/baschecanada.com\/wp-content\/uploads\/2025\/11\/Sept-27_-2024-LCO-56.jpeg","width":1067,"height":1600,"caption":"Contact Andrea Barth-Basche for German Relocation Support"},{"@type":"BreadcrumbList","@id":"https:\/\/baschecanada.com\/contact\/#breadcrumb","itemListElement":[{"@type":"ListItem","position":1,"name":"Home","item":"https:\/\/baschecanada.com\/"},{"@type":"ListItem","position":2,"name":"Contact"}]},{"@type":"WebSite","@id":"https:\/\/baschecanada.com\/#website","url":"https:\/\/baschecanada.com\/","name":"baschecanada.com","description":"","publisher":{"@id":"https:\/\/baschecanada.com\/#organization"},"potentialAction":[{"@type":"SearchAction","target":{"@type":"EntryPoint","urlTemplate":"https:\/\/baschecanada.com\/?s={search_term_string}"},"query-input":{"@type":"PropertyValueSpecification","valueRequired":true,"valueName":"search_term_string"}}],"inLanguage":"de"},{"@type":"Organization","@id":"https:\/\/baschecanada.com\/#organization","name":"baschecanada.com","url":"https:\/\/baschecanada.com\/","logo":{"@type":"ImageObject","inLanguage":"de","@id":"https:\/\/baschecanada.com\/#\/schema\/logo\/image\/","url":"https:\/\/baschecanada.com\/wp-content\/uploads\/2025\/10\/Basche-Canada-1-scaled.png","contentUrl":"https:\/\/baschecanada.com\/wp-content\/uploads\/2025\/10\/Basche-Canada-1-scaled.png","width":2560,"height":531,"caption":"baschecanada.com"},"image":{"@id":"https:\/\/baschecanada.com\/#\/schema\/logo\/image\/"}}]}},"_links":{"self":[{"href":"https:\/\/baschecanada.com\/de\/wp-json\/wp\/v2\/pages\/19","targetHints":{"allow":["GET"]}}],"collection":[{"href":"https:\/\/baschecanada.com\/de\/wp-json\/wp\/v2\/pages"}],"about":[{"href":"https:\/\/baschecanada.com\/de\/wp-json\/wp\/v2\/types\/page"}],"author":[{"embeddable":true,"href":"https:\/\/baschecanada.com\/de\/wp-json\/wp\/v2\/users\/1"}],"replies":[{"embeddable":true,"href":"https:\/\/baschecanada.com\/de\/wp-json\/wp\/v2\/comments?post=19"}],"version-history":[{"count":58,"href":"https:\/\/baschecanada.com\/de\/wp-json\/wp\/v2\/pages\/19\/revisions"}],"predecessor-version":[{"id":973,"href":"https:\/\/baschecanada.com\/de\/wp-json\/wp\/v2\/pages\/19\/revisions\/973"}],"wp:featuredmedia":[{"embeddable":true,"href":"https:\/\/baschecanada.com\/de\/wp-json\/wp\/v2\/media\/825"}],"wp:attachment":[{"href":"https:\/\/baschecanada.com\/de\/wp-json\/wp\/v2\/media?parent=19"}],"curies":[{"name":"wp","href":"https:\/\/api.w.org\/{rel}","templated":true}]}}