{"id":242,"date":"2025-10-24T16:03:21","date_gmt":"2025-10-24T16:03:21","guid":{"rendered":"https:\/\/baschecanada.com\/?page_id=242"},"modified":"2025-12-02T16:56:47","modified_gmt":"2025-12-02T16:56:47","slug":"request-a-consultation","status":"publish","type":"page","link":"https:\/\/baschecanada.com\/de\/request-a-consultation\/","title":{"rendered":"Request A Consultation"},"content":{"rendered":"<div data-elementor-type=\"wp-page\" data-elementor-id=\"242\" class=\"elementor elementor-242\" data-elementor-post-type=\"page\">\n\t\t\t\t<div class=\"elementor-element elementor-element-5e1a01b7 e-flex e-con-boxed e-con e-parent\" data-id=\"5e1a01b7\" data-element_type=\"container\">\n\t\t\t\t\t<div class=\"e-con-inner\">\n\t\t<div class=\"elementor-element elementor-element-fac209e e-con-full e-flex e-con e-child\" data-id=\"fac209e\" data-element_type=\"container\">\n\t\t\t\t<div class=\"elementor-element elementor-element-587d6f9 elementor-widget elementor-widget-heading\" data-id=\"587d6f9\" data-element_type=\"widget\" data-widget_type=\"heading.default\">\n\t\t\t\t\t<h2 class=\"elementor-heading-title elementor-size-default\">Was m\u00f6chten Sie in Kanada erreichen?<\/h2>\t\t\t\t<\/div>\n\t\t\t\t<div class=\"elementor-element elementor-element-23e57b4 elementor-widget elementor-widget-text-editor\" data-id=\"23e57b4\" data-element_type=\"widget\" data-widget_type=\"text-editor.default\">\n\t\t\t\t\t\t\t\t\t<p data-start=\"215\" data-end=\"566\">Jeder Mensch und jede Situation ist einzigartig. Bitte f\u00fcllen Sie das untenstehende Formular aus, damit ich Ihre Ziele besser verstehen und den besten Weg finden kann, Sie bei Ihrem Umzug oder Ihrer gesch\u00e4ftlichen Neuorientierung in Kanada zu unterst\u00fctzen.<br data-start=\"420\" data-end=\"423\" \/>Sobald ich Ihre Anfrage erhalte, melde ich mich pers\u00f6nlich bei Ihnen, um einen Beratungstermin zu vereinbaren und zu besprechen, wie ich Ihnen weiterhelfen kann.<\/p>\t\t\t\t\t\t\t\t<\/div>\n\t\t\t\t<div class=\"elementor-element elementor-element-2111e4a elementor-button-align-stretch elementor-widget elementor-widget-form\" data-id=\"2111e4a\" data-element_type=\"widget\" data-settings=\"{&quot;step_next_label&quot;:&quot;Next&quot;,&quot;step_previous_label&quot;:&quot;Previous&quot;,&quot;button_width&quot;:&quot;100&quot;,&quot;step_type&quot;:&quot;number_text&quot;,&quot;step_icon_shape&quot;:&quot;circle&quot;}\" data-widget_type=\"form.default\">\n\t\t\t\t\t\t\t<form class=\"elementor-form\" method=\"post\" name=\"New Form\" aria-label=\"New Form\" action=\"\">\n\t\t\t<input type=\"hidden\" name=\"post_id\" value=\"242\"\/>\n\t\t\t<input type=\"hidden\" name=\"form_id\" value=\"2111e4a\"\/>\n\t\t\t<input type=\"hidden\" name=\"referer_title\" value=\"German Speaking Relocation Support | Request a Consultation\" \/>\n\n\t\t\t\t\t\t\t<input type=\"hidden\" name=\"queried_id\" value=\"242\"\/>\n\t\t\t\n\t\t\t<div class=\"elementor-form-fields-wrapper elementor-labels-above\">\n\t\t\t\t\t\t\t\t<div class=\"elementor-field-type-text elementor-field-group elementor-column elementor-field-group-name elementor-col-100\">\n\t\t\t\t\t\t\t\t\t\t\t\t<label for=\"form-field-name\" class=\"elementor-field-label\">\n\t\t\t\t\t\t\t\tName\t\t\t\t\t\t\t<\/label>\n\t\t\t\t\t\t\t\t\t\t\t\t\t\t<input size=\"1\" type=\"text\" name=\"form_fields[name]\" id=\"form-field-name\" class=\"elementor-field elementor-size-sm  elementor-field-textual\">\n\t\t\t\t\t\t\t\t\t\t\t<\/div>\n\t\t\t\t\t\t\t\t<div class=\"elementor-field-type-email elementor-field-group elementor-column elementor-field-group-email elementor-col-100 elementor-field-required\">\n\t\t\t\t\t\t\t\t\t\t\t\t<label for=\"form-field-email\" class=\"elementor-field-label\">\n\t\t\t\t\t\t\t\tE-Mail\t\t\t\t\t\t\t<\/label>\n\t\t\t\t\t\t\t\t\t\t\t\t\t\t<input size=\"1\" type=\"email\" name=\"form_fields[email]\" id=\"form-field-email\" class=\"elementor-field elementor-size-sm  elementor-field-textual\" required=\"required\">\n\t\t\t\t\t\t\t\t\t\t\t<\/div>\n\t\t\t\t\t\t\t\t<div class=\"elementor-field-type-textarea elementor-field-group elementor-column elementor-field-group-message elementor-col-100\">\n\t\t\t\t\t\t\t\t\t\t\t\t<label for=\"form-field-message\" class=\"elementor-field-label\">\n\t\t\t\t\t\t\t\tNachricht\t\t\t\t\t\t\t<\/label>\n\t\t\t\t\t\t<textarea class=\"elementor-field-textual elementor-field  elementor-size-sm\" name=\"form_fields[message]\" id=\"form-field-message\" rows=\"4\"><\/textarea>\t\t\t\t<\/div>\n\t\t\t\t\t\t\t\t<div class=\"elementor-field-type-recaptcha_v3 elementor-field-group elementor-column elementor-field-group-field_23bec87 elementor-col-100 recaptcha_v3-bottomright\">\n\t\t\t\t\t<div class=\"elementor-field\" id=\"form-field-field_23bec87\"><div class=\"elementor-g-recaptcha\" data-sitekey=\"6LdEWwEsAAAAAAHrFVCFeJWTD7U_gV8m92hDmIXD\" data-type=\"v3\" data-action=\"Form\" data-badge=\"bottomright\" data-size=\"invisible\"><\/div><\/div>\t\t\t\t<\/div>\n\t\t\t\t\t\t\t\t<div class=\"elementor-field-group elementor-column elementor-field-type-submit elementor-col-100 e-form__buttons\">\n\t\t\t\t\t<button class=\"elementor-button elementor-size-sm\" type=\"submit\">\n\t\t\t\t\t\t<span class=\"elementor-button-content-wrapper\">\n\t\t\t\t\t\t\t\t\t\t\t\t\t\t\t\t\t\t\t\t\t\t<span class=\"elementor-button-text\">Send<\/span>\n\t\t\t\t\t\t\t\t\t\t\t\t\t<\/span>\n\t\t\t\t\t<\/button>\n\t\t\t\t<\/div>\n\t\t\t<\/div>\n\t\t<input type=\"hidden\" name=\"trp-form-language\" value=\"de\"\/><\/form>\n\t\t\t\t\t\t<\/div>\n\t\t\t\t<\/div>\n\t\t<div class=\"elementor-element elementor-element-c22b22f e-con-full e-flex e-con e-child\" data-id=\"c22b22f\" data-element_type=\"container\">\n\t\t\t\t<div class=\"elementor-element elementor-element-bcac006 elementor-widget elementor-widget-heading\" data-id=\"bcac006\" data-element_type=\"widget\" data-widget_type=\"heading.default\">\n\t\t\t\t\t<h2 class=\"elementor-heading-title elementor-size-default\">Kostenloses Beratungsgespr\u00e4ch Anfragen<\/h2>\t\t\t\t<\/div>\n\t\t\t\t<div class=\"elementor-element elementor-element-fce4a9f elementor-widget elementor-widget-text-editor\" data-id=\"fce4a9f\" data-element_type=\"widget\" data-widget_type=\"text-editor.default\">\n\t\t\t\t\t\t\t\t\t<p data-start=\"328\" data-end=\"419\">Nach unserem Gespr\u00e4ch erhalten Sie ein detailliertes Angebot mit den empfohlenen Leistungen, abgestimmt auf Ihre pers\u00f6nlichen Bed\u00fcrfnisse.<\/p>\t\t\t\t\t\t\t\t<\/div>\n\t\t\t\t<div class=\"elementor-element elementor-element-eca957c elementor-widget elementor-widget-html\" data-id=\"eca957c\" data-element_type=\"widget\" data-widget_type=\"html.default\">\n\t\t\t\t\t<!-- Calendly inline widget begin -->\n<div class=\"calendly-inline-widget\" data-url=\"https:\/\/calendly.com\/andrea-baschecanada\/new-meeting\" style=\"min-width:320px;height:700px;\"><\/div>\n<script type=\"text\/javascript\" src=\"https:\/\/assets.calendly.com\/assets\/external\/widget.js\" async><\/script>\n<!-- Calendly inline widget end -->\t\t\t\t<\/div>\n\t\t\t\t<\/div>\n\t\t\t\t\t<\/div>\n\t\t\t\t<\/div>\n\t\t\t\t<\/div>","protected":false},"excerpt":{"rendered":"<p>Share Your Goals With Me Every person and situation is unique. Please fill out the form below so I can understand your goals and find the best way to support you in your relocation or business journey.Once I receive your request, I\u2019ll reach out personally to schedule a consultation and discuss how I can help [&hellip;]<\/p>","protected":false},"author":1,"featured_media":67,"parent":0,"menu_order":0,"comment_status":"closed","ping_status":"closed","template":"","meta":{"footnotes":""},"class_list":["post-242","page","type-page","status-publish","has-post-thumbnail","hentry"],"yoast_head":"<!-- This site is optimized with the Yoast SEO plugin v26.4 - https:\/\/yoast.com\/wordpress\/plugins\/seo\/ -->\n<title>German Speaking Relocation Support | Request a Consultation<\/title>\n<meta name=\"description\" content=\"Request a consultation for German speaking relocation support and receive practical guidance for your move to Canada.\" \/>\n<meta name=\"robots\" content=\"index, follow, max-snippet:-1, max-image-preview:large, max-video-preview:-1\" \/>\n<link rel=\"canonical\" href=\"https:\/\/baschecanada.com\/de\/request-a-consultation\/\" \/>\n<meta property=\"og:locale\" content=\"de_DE\" \/>\n<meta property=\"og:type\" content=\"article\" \/>\n<meta property=\"og:title\" content=\"German Speaking Relocation Support | Request a Consultation\" \/>\n<meta property=\"og:description\" content=\"Request a consultation for German speaking relocation support and receive practical guidance for your move to Canada.\" \/>\n<meta property=\"og:url\" content=\"https:\/\/baschecanada.com\/de\/request-a-consultation\/\" \/>\n<meta property=\"og:site_name\" content=\"baschecanada.com\" \/>\n<meta property=\"article:modified_time\" content=\"2025-12-02T16:56:47+00:00\" \/>\n<meta property=\"og:image\" content=\"https:\/\/baschecanada.com\/wp-content\/uploads\/2025\/10\/BB-BASCHECANADA.png\" \/>\n\t<meta property=\"og:image:width\" content=\"1872\" \/>\n\t<meta property=\"og:image:height\" content=\"1947\" \/>\n\t<meta property=\"og:image:type\" content=\"image\/png\" \/>\n<meta name=\"twitter:card\" content=\"summary_large_image\" \/>\n<meta name=\"twitter:label1\" content=\"Gesch\u00e4tzte Lesezeit\" \/>\n\t<meta name=\"twitter:data1\" content=\"1\u00a0Minute\" \/>\n<script type=\"application\/ld+json\" class=\"yoast-schema-graph\">{\"@context\":\"https:\/\/schema.org\",\"@graph\":[{\"@type\":\"WebPage\",\"@id\":\"https:\/\/baschecanada.com\/request-a-consultation\/\",\"url\":\"https:\/\/baschecanada.com\/request-a-consultation\/\",\"name\":\"German Speaking Relocation Support | Request a Consultation\",\"isPartOf\":{\"@id\":\"https:\/\/baschecanada.com\/#website\"},\"primaryImageOfPage\":{\"@id\":\"https:\/\/baschecanada.com\/request-a-consultation\/#primaryimage\"},\"image\":{\"@id\":\"https:\/\/baschecanada.com\/request-a-consultation\/#primaryimage\"},\"thumbnailUrl\":\"https:\/\/baschecanada.com\/wp-content\/uploads\/2025\/10\/BB-BASCHECANADA.png\",\"datePublished\":\"2025-10-24T16:03:21+00:00\",\"dateModified\":\"2025-12-02T16:56:47+00:00\",\"description\":\"Request a consultation for German speaking relocation support and receive practical guidance for your move to Canada.\",\"breadcrumb\":{\"@id\":\"https:\/\/baschecanada.com\/request-a-consultation\/#breadcrumb\"},\"inLanguage\":\"de\",\"potentialAction\":[{\"@type\":\"ReadAction\",\"target\":[\"https:\/\/baschecanada.com\/request-a-consultation\/\"]}]},{\"@type\":\"ImageObject\",\"inLanguage\":\"de\",\"@id\":\"https:\/\/baschecanada.com\/request-a-consultation\/#primaryimage\",\"url\":\"https:\/\/baschecanada.com\/wp-content\/uploads\/2025\/10\/BB-BASCHECANADA.png\",\"contentUrl\":\"https:\/\/baschecanada.com\/wp-content\/uploads\/2025\/10\/BB-BASCHECANADA.png\",\"width\":1872,\"height\":1947,\"caption\":\"Request a consultation for German-speaking relocation support BB\"},{\"@type\":\"BreadcrumbList\",\"@id\":\"https:\/\/baschecanada.com\/request-a-consultation\/#breadcrumb\",\"itemListElement\":[{\"@type\":\"ListItem\",\"position\":1,\"name\":\"Home\",\"item\":\"https:\/\/baschecanada.com\/\"},{\"@type\":\"ListItem\",\"position\":2,\"name\":\"Request A Consultation\"}]},{\"@type\":\"WebSite\",\"@id\":\"https:\/\/baschecanada.com\/#website\",\"url\":\"https:\/\/baschecanada.com\/\",\"name\":\"baschecanada.com\",\"description\":\"\",\"publisher\":{\"@id\":\"https:\/\/baschecanada.com\/#organization\"},\"potentialAction\":[{\"@type\":\"SearchAction\",\"target\":{\"@type\":\"EntryPoint\",\"urlTemplate\":\"https:\/\/baschecanada.com\/?s={search_term_string}\"},\"query-input\":{\"@type\":\"PropertyValueSpecification\",\"valueRequired\":true,\"valueName\":\"search_term_string\"}}],\"inLanguage\":\"de\"},{\"@type\":\"Organization\",\"@id\":\"https:\/\/baschecanada.com\/#organization\",\"name\":\"baschecanada.com\",\"url\":\"https:\/\/baschecanada.com\/\",\"logo\":{\"@type\":\"ImageObject\",\"inLanguage\":\"de\",\"@id\":\"https:\/\/baschecanada.com\/#\/schema\/logo\/image\/\",\"url\":\"https:\/\/baschecanada.com\/wp-content\/uploads\/2025\/10\/Basche-Canada-1-scaled.png\",\"contentUrl\":\"https:\/\/baschecanada.com\/wp-content\/uploads\/2025\/10\/Basche-Canada-1-scaled.png\",\"width\":2560,\"height\":531,\"caption\":\"baschecanada.com\"},\"image\":{\"@id\":\"https:\/\/baschecanada.com\/#\/schema\/logo\/image\/\"}}]}<\/script>\n<!-- \/ Yoast SEO plugin. -->","yoast_head_json":{"title":"German Speaking Relocation Support | Request a Consultation","description":"Request a consultation for German speaking relocation support and receive practical guidance for your move to Canada.","robots":{"index":"index","follow":"follow","max-snippet":"max-snippet:-1","max-image-preview":"max-image-preview:large","max-video-preview":"max-video-preview:-1"},"canonical":"https:\/\/baschecanada.com\/de\/request-a-consultation\/","og_locale":"de_DE","og_type":"article","og_title":"German Speaking Relocation Support | Request a Consultation","og_description":"Request a consultation for German speaking relocation support and receive practical guidance for your move to Canada.","og_url":"https:\/\/baschecanada.com\/de\/request-a-consultation\/","og_site_name":"baschecanada.com","article_modified_time":"2025-12-02T16:56:47+00:00","og_image":[{"width":1872,"height":1947,"url":"https:\/\/baschecanada.com\/wp-content\/uploads\/2025\/10\/BB-BASCHECANADA.png","type":"image\/png"}],"twitter_card":"summary_large_image","twitter_misc":{"Gesch\u00e4tzte Lesezeit":"1\u00a0Minute"},"schema":{"@context":"https:\/\/schema.org","@graph":[{"@type":"WebPage","@id":"https:\/\/baschecanada.com\/request-a-consultation\/","url":"https:\/\/baschecanada.com\/request-a-consultation\/","name":"German Speaking Relocation Support | Request a Consultation","isPartOf":{"@id":"https:\/\/baschecanada.com\/#website"},"primaryImageOfPage":{"@id":"https:\/\/baschecanada.com\/request-a-consultation\/#primaryimage"},"image":{"@id":"https:\/\/baschecanada.com\/request-a-consultation\/#primaryimage"},"thumbnailUrl":"https:\/\/baschecanada.com\/wp-content\/uploads\/2025\/10\/BB-BASCHECANADA.png","datePublished":"2025-10-24T16:03:21+00:00","dateModified":"2025-12-02T16:56:47+00:00","description":"Request a consultation for German speaking relocation support and receive practical guidance for your move to Canada.","breadcrumb":{"@id":"https:\/\/baschecanada.com\/request-a-consultation\/#breadcrumb"},"inLanguage":"de","potentialAction":[{"@type":"ReadAction","target":["https:\/\/baschecanada.com\/request-a-consultation\/"]}]},{"@type":"ImageObject","inLanguage":"de","@id":"https:\/\/baschecanada.com\/request-a-consultation\/#primaryimage","url":"https:\/\/baschecanada.com\/wp-content\/uploads\/2025\/10\/BB-BASCHECANADA.png","contentUrl":"https:\/\/baschecanada.com\/wp-content\/uploads\/2025\/10\/BB-BASCHECANADA.png","width":1872,"height":1947,"caption":"Request a consultation for German-speaking relocation support BB"},{"@type":"BreadcrumbList","@id":"https:\/\/baschecanada.com\/request-a-consultation\/#breadcrumb","itemListElement":[{"@type":"ListItem","position":1,"name":"Home","item":"https:\/\/baschecanada.com\/"},{"@type":"ListItem","position":2,"name":"Request A Consultation"}]},{"@type":"WebSite","@id":"https:\/\/baschecanada.com\/#website","url":"https:\/\/baschecanada.com\/","name":"baschecanada.com","description":"","publisher":{"@id":"https:\/\/baschecanada.com\/#organization"},"potentialAction":[{"@type":"SearchAction","target":{"@type":"EntryPoint","urlTemplate":"https:\/\/baschecanada.com\/?s={search_term_string}"},"query-input":{"@type":"PropertyValueSpecification","valueRequired":true,"valueName":"search_term_string"}}],"inLanguage":"de"},{"@type":"Organization","@id":"https:\/\/baschecanada.com\/#organization","name":"baschecanada.com","url":"https:\/\/baschecanada.com\/","logo":{"@type":"ImageObject","inLanguage":"de","@id":"https:\/\/baschecanada.com\/#\/schema\/logo\/image\/","url":"https:\/\/baschecanada.com\/wp-content\/uploads\/2025\/10\/Basche-Canada-1-scaled.png","contentUrl":"https:\/\/baschecanada.com\/wp-content\/uploads\/2025\/10\/Basche-Canada-1-scaled.png","width":2560,"height":531,"caption":"baschecanada.com"},"image":{"@id":"https:\/\/baschecanada.com\/#\/schema\/logo\/image\/"}}]}},"_links":{"self":[{"href":"https:\/\/baschecanada.com\/de\/wp-json\/wp\/v2\/pages\/242","targetHints":{"allow":["GET"]}}],"collection":[{"href":"https:\/\/baschecanada.com\/de\/wp-json\/wp\/v2\/pages"}],"about":[{"href":"https:\/\/baschecanada.com\/de\/wp-json\/wp\/v2\/types\/page"}],"author":[{"embeddable":true,"href":"https:\/\/baschecanada.com\/de\/wp-json\/wp\/v2\/users\/1"}],"replies":[{"embeddable":true,"href":"https:\/\/baschecanada.com\/de\/wp-json\/wp\/v2\/comments?post=242"}],"version-history":[{"count":69,"href":"https:\/\/baschecanada.com\/de\/wp-json\/wp\/v2\/pages\/242\/revisions"}],"predecessor-version":[{"id":1006,"href":"https:\/\/baschecanada.com\/de\/wp-json\/wp\/v2\/pages\/242\/revisions\/1006"}],"wp:featuredmedia":[{"embeddable":true,"href":"https:\/\/baschecanada.com\/de\/wp-json\/wp\/v2\/media\/67"}],"wp:attachment":[{"href":"https:\/\/baschecanada.com\/de\/wp-json\/wp\/v2\/media?parent=242"}],"curies":[{"name":"wp","href":"https:\/\/api.w.org\/{rel}","templated":true}]}}