{"id":263,"date":"2025-10-24T17:35:01","date_gmt":"2025-10-24T17:35:01","guid":{"rendered":"https:\/\/baschecanada.com\/?page_id=263"},"modified":"2025-12-04T02:41:45","modified_gmt":"2025-12-04T02:41:45","slug":"terms-and-conditions","status":"publish","type":"page","link":"https:\/\/baschecanada.com\/de\/terms-and-conditions\/","title":{"rendered":"Bedingungen und Konditionen"},"content":{"rendered":"<div data-elementor-type=\"wp-page\" data-elementor-id=\"263\" class=\"elementor elementor-263\" data-elementor-post-type=\"page\">\n\t\t\t\t<div class=\"elementor-element elementor-element-c12f4b3 e-flex e-con-boxed e-con e-parent\" data-id=\"c12f4b3\" data-element_type=\"container\">\n\t\t\t\t\t<div class=\"e-con-inner\">\n\t\t\t\t<div class=\"elementor-element elementor-element-fd24533 elementor-widget elementor-widget-heading\" data-id=\"fd24533\" data-element_type=\"widget\" data-widget_type=\"heading.default\">\n\t\t\t\t\t<h2 class=\"elementor-heading-title elementor-size-default\">Bedingungen und Konditionen\n<\/h2>\t\t\t\t<\/div>\n\t\t\t\t<div class=\"elementor-element elementor-element-4af2e9b elementor-widget-mobile__width-inherit elementor-widget elementor-widget-text-editor\" data-id=\"4af2e9b\" data-element_type=\"widget\" data-widget_type=\"text-editor.default\">\n\t\t\t\t\t\t\t\t\t<p>G\u00fcltigkeitsdatum: 10. November 2025<br \/>Website: www.baschecanada.com<br \/>Unternehmensname: Basche Canada<\/p><p><b>\u00a01. Annahme der Bedingungen\u00a0<br \/><\/b>Durch den Zugriff auf diese Website oder die Nutzung dieser Website erkl\u00e4ren Sie sich mit diesen Bedingungen einverstanden. Wenn Sie nicht einverstanden sind, nutzen Sie diese Website bitte nicht.<\/p><p><b>\u00a02. Dienstleistungen\u00a0<br \/><\/b>Diese Website stellt Informationen \u00fcber Beratungsleistungen f\u00fcr deutschsprachige Privatpersonen und Unternehmen bereit, die nach Kanada umziehen m\u00f6chten. Die Dienstleistungen basieren auf pers\u00f6nlichen Erfahrungen und praktischer Beratung. Wir bieten keine rechtliche, steuerliche oder finanzielle Beratung an.<\/p><p><b>\u00a03. Keine Rechtsberatung\u00a0<br \/><\/b>Alle Inhalte und Dienstleistungen dienen ausschlie\u00dflich Informationszwecken. Wir sind keine lizenzierten Rechts- oder Steuerfachkr\u00e4fte. F\u00fcr rechtliche oder finanzielle Fragestellungen sollten Kunden qualifizierte Fachberater kontaktieren.<\/p><p><b>\u00a04. Nutzung der Website\u00a0<br \/><\/b>Sie verpflichten sich, diese Website verantwortungsvoll zu nutzen und keine Aktivit\u00e4ten durchzuf\u00fchren, die den Inhalt oder die Funktionalit\u00e4t der Website beeintr\u00e4chtigen, st\u00f6ren oder missbrauchen.<\/p><p><b>\u00a05. Geistiges Eigentum\u00a0<br \/><\/b>Alle Inhalte auf dieser Website, einschlie\u00dflich Texten, Grafiken und Branding, sind Eigentum von Basche Canada, sofern nicht anders angegeben. Eine unbefugte Nutzung oder Reproduktion ist untersagt.<\/p><p><b>\u00a06. Haftungsbeschr\u00e4nkung\u00a0<br \/><\/b>Wir \u00fcbernehmen keine Haftung f\u00fcr direkte oder indirekte Sch\u00e4den, die aus der Nutzung dieser Website oder unserer Dienstleistungen entstehen. Alle Hinweise und Ratschl\u00e4ge basieren auf pers\u00f6nlicher Erfahrung und werden nach bestem Wissen weitergegeben.<\/p><p><b>\u00a07. Externe Links\u00a0<br \/><\/b>Diese Website kann Links zu Websites Dritter enthalten. F\u00fcr deren Inhalte oder Praktiken \u00fcbernehmen wir keine Verantwortung.<\/p><p><b>\u00a08. Datenschutz\u00a0<br \/><\/b>Ihre Nutzung dieser Website unterliegt ebenfalls unserer Datenschutzerkl\u00e4rung, die beschreibt, wie personenbezogene Daten erfasst und verwendet werden.<\/p><p><b>\u00a09. \u00c4nderungen der Bedingungen\u00a0<br \/><\/b>Wir behalten uns das Recht vor, diese Bedingungen jederzeit zu aktualisieren. \u00c4nderungen werden auf dieser Seite mit aktualisiertem G\u00fcltigkeitsdatum ver\u00f6ffentlicht.<\/p><p><b>\u00a010. Kontakt\u00a0<br \/><span style=\"font-weight: 400\">Bei Fragen zu diesen Bedingungen kontaktieren Sie uns bitte unter:<\/span><\/b><\/p><p><span style=\"font-weight: 400\">Email: andrea@baschecanada.com<\/span><\/p>\t\t\t\t\t\t\t\t<\/div>\n\t\t\t\t\t<\/div>\n\t\t\t\t<\/div>\n\t\t\t\t<\/div>","protected":false},"excerpt":{"rendered":"<p>Terms and Conditions Effective Date: November 10th, 2025Website: www.baschecanada.comBusiness Name: Basche Canada \u00a01. Acceptance of Terms\u00a0By accessing or using this website, you agree to be bound by these Terms &amp; Conditions. If you do not agree, please do not use this site. \u00a02. Services Provided\u00a0This website offers information about immigration advisory services for German-speaking individuals [&hellip;]<\/p>","protected":false},"author":1,"featured_media":0,"parent":0,"menu_order":0,"comment_status":"closed","ping_status":"closed","template":"","meta":{"footnotes":""},"class_list":["post-263","page","type-page","status-publish","hentry"],"yoast_head":"<!-- This site is optimized with the Yoast SEO plugin v26.4 - https:\/\/yoast.com\/wordpress\/plugins\/seo\/ -->\n<title>Terms and Conditions - baschecanada.com<\/title>\n<meta name=\"description\" content=\"Review our Terms and Conditions here\" \/>\n<meta name=\"robots\" content=\"index, follow, max-snippet:-1, max-image-preview:large, max-video-preview:-1\" \/>\n<link rel=\"canonical\" href=\"https:\/\/baschecanada.com\/de\/terms-and-conditions\/\" \/>\n<meta property=\"og:locale\" content=\"de_DE\" \/>\n<meta property=\"og:type\" content=\"article\" \/>\n<meta property=\"og:title\" content=\"Terms and Conditions - baschecanada.com\" \/>\n<meta property=\"og:description\" content=\"Review our Terms and Conditions here\" \/>\n<meta property=\"og:url\" content=\"https:\/\/baschecanada.com\/de\/terms-and-conditions\/\" \/>\n<meta property=\"og:site_name\" content=\"baschecanada.com\" \/>\n<meta property=\"article:modified_time\" content=\"2025-12-04T02:41:45+00:00\" \/>\n<meta name=\"twitter:card\" content=\"summary_large_image\" \/>\n<meta name=\"twitter:label1\" content=\"Gesch\u00e4tzte Lesezeit\" \/>\n\t<meta name=\"twitter:data1\" content=\"2\u00a0Minuten\" \/>\n<script type=\"application\/ld+json\" class=\"yoast-schema-graph\">{\"@context\":\"https:\/\/schema.org\",\"@graph\":[{\"@type\":\"WebPage\",\"@id\":\"https:\/\/baschecanada.com\/terms-and-conditions\/\",\"url\":\"https:\/\/baschecanada.com\/terms-and-conditions\/\",\"name\":\"Terms and Conditions - baschecanada.com\",\"isPartOf\":{\"@id\":\"https:\/\/baschecanada.com\/#website\"},\"datePublished\":\"2025-10-24T17:35:01+00:00\",\"dateModified\":\"2025-12-04T02:41:45+00:00\",\"description\":\"Review our Terms and Conditions here\",\"breadcrumb\":{\"@id\":\"https:\/\/baschecanada.com\/terms-and-conditions\/#breadcrumb\"},\"inLanguage\":\"de\",\"potentialAction\":[{\"@type\":\"ReadAction\",\"target\":[\"https:\/\/baschecanada.com\/terms-and-conditions\/\"]}]},{\"@type\":\"BreadcrumbList\",\"@id\":\"https:\/\/baschecanada.com\/terms-and-conditions\/#breadcrumb\",\"itemListElement\":[{\"@type\":\"ListItem\",\"position\":1,\"name\":\"Home\",\"item\":\"https:\/\/baschecanada.com\/\"},{\"@type\":\"ListItem\",\"position\":2,\"name\":\"Terms and Conditions\"}]},{\"@type\":\"WebSite\",\"@id\":\"https:\/\/baschecanada.com\/#website\",\"url\":\"https:\/\/baschecanada.com\/\",\"name\":\"baschecanada.com\",\"description\":\"\",\"publisher\":{\"@id\":\"https:\/\/baschecanada.com\/#organization\"},\"potentialAction\":[{\"@type\":\"SearchAction\",\"target\":{\"@type\":\"EntryPoint\",\"urlTemplate\":\"https:\/\/baschecanada.com\/?s={search_term_string}\"},\"query-input\":{\"@type\":\"PropertyValueSpecification\",\"valueRequired\":true,\"valueName\":\"search_term_string\"}}],\"inLanguage\":\"de\"},{\"@type\":\"Organization\",\"@id\":\"https:\/\/baschecanada.com\/#organization\",\"name\":\"baschecanada.com\",\"url\":\"https:\/\/baschecanada.com\/\",\"logo\":{\"@type\":\"ImageObject\",\"inLanguage\":\"de\",\"@id\":\"https:\/\/baschecanada.com\/#\/schema\/logo\/image\/\",\"url\":\"https:\/\/baschecanada.com\/wp-content\/uploads\/2025\/10\/Basche-Canada-1-scaled.png\",\"contentUrl\":\"https:\/\/baschecanada.com\/wp-content\/uploads\/2025\/10\/Basche-Canada-1-scaled.png\",\"width\":2560,\"height\":531,\"caption\":\"baschecanada.com\"},\"image\":{\"@id\":\"https:\/\/baschecanada.com\/#\/schema\/logo\/image\/\"}}]}<\/script>\n<!-- \/ Yoast SEO plugin. -->","yoast_head_json":{"title":"Terms and Conditions - baschecanada.com","description":"Review our Terms and Conditions here","robots":{"index":"index","follow":"follow","max-snippet":"max-snippet:-1","max-image-preview":"max-image-preview:large","max-video-preview":"max-video-preview:-1"},"canonical":"https:\/\/baschecanada.com\/de\/terms-and-conditions\/","og_locale":"de_DE","og_type":"article","og_title":"Terms and Conditions - baschecanada.com","og_description":"Review our Terms and Conditions here","og_url":"https:\/\/baschecanada.com\/de\/terms-and-conditions\/","og_site_name":"baschecanada.com","article_modified_time":"2025-12-04T02:41:45+00:00","twitter_card":"summary_large_image","twitter_misc":{"Gesch\u00e4tzte Lesezeit":"2\u00a0Minuten"},"schema":{"@context":"https:\/\/schema.org","@graph":[{"@type":"WebPage","@id":"https:\/\/baschecanada.com\/terms-and-conditions\/","url":"https:\/\/baschecanada.com\/terms-and-conditions\/","name":"Terms and Conditions - baschecanada.com","isPartOf":{"@id":"https:\/\/baschecanada.com\/#website"},"datePublished":"2025-10-24T17:35:01+00:00","dateModified":"2025-12-04T02:41:45+00:00","description":"Review our Terms and Conditions here","breadcrumb":{"@id":"https:\/\/baschecanada.com\/terms-and-conditions\/#breadcrumb"},"inLanguage":"de","potentialAction":[{"@type":"ReadAction","target":["https:\/\/baschecanada.com\/terms-and-conditions\/"]}]},{"@type":"BreadcrumbList","@id":"https:\/\/baschecanada.com\/terms-and-conditions\/#breadcrumb","itemListElement":[{"@type":"ListItem","position":1,"name":"Home","item":"https:\/\/baschecanada.com\/"},{"@type":"ListItem","position":2,"name":"Terms and Conditions"}]},{"@type":"WebSite","@id":"https:\/\/baschecanada.com\/#website","url":"https:\/\/baschecanada.com\/","name":"baschecanada.com","description":"","publisher":{"@id":"https:\/\/baschecanada.com\/#organization"},"potentialAction":[{"@type":"SearchAction","target":{"@type":"EntryPoint","urlTemplate":"https:\/\/baschecanada.com\/?s={search_term_string}"},"query-input":{"@type":"PropertyValueSpecification","valueRequired":true,"valueName":"search_term_string"}}],"inLanguage":"de"},{"@type":"Organization","@id":"https:\/\/baschecanada.com\/#organization","name":"baschecanada.com","url":"https:\/\/baschecanada.com\/","logo":{"@type":"ImageObject","inLanguage":"de","@id":"https:\/\/baschecanada.com\/#\/schema\/logo\/image\/","url":"https:\/\/baschecanada.com\/wp-content\/uploads\/2025\/10\/Basche-Canada-1-scaled.png","contentUrl":"https:\/\/baschecanada.com\/wp-content\/uploads\/2025\/10\/Basche-Canada-1-scaled.png","width":2560,"height":531,"caption":"baschecanada.com"},"image":{"@id":"https:\/\/baschecanada.com\/#\/schema\/logo\/image\/"}}]}},"_links":{"self":[{"href":"https:\/\/baschecanada.com\/de\/wp-json\/wp\/v2\/pages\/263","targetHints":{"allow":["GET"]}}],"collection":[{"href":"https:\/\/baschecanada.com\/de\/wp-json\/wp\/v2\/pages"}],"about":[{"href":"https:\/\/baschecanada.com\/de\/wp-json\/wp\/v2\/types\/page"}],"author":[{"embeddable":true,"href":"https:\/\/baschecanada.com\/de\/wp-json\/wp\/v2\/users\/1"}],"replies":[{"embeddable":true,"href":"https:\/\/baschecanada.com\/de\/wp-json\/wp\/v2\/comments?post=263"}],"version-history":[{"count":23,"href":"https:\/\/baschecanada.com\/de\/wp-json\/wp\/v2\/pages\/263\/revisions"}],"predecessor-version":[{"id":1164,"href":"https:\/\/baschecanada.com\/de\/wp-json\/wp\/v2\/pages\/263\/revisions\/1164"}],"wp:attachment":[{"href":"https:\/\/baschecanada.com\/de\/wp-json\/wp\/v2\/media?parent=263"}],"curies":[{"name":"wp","href":"https:\/\/api.w.org\/{rel}","templated":true}]}}