{"id":267,"date":"2025-10-24T17:35:19","date_gmt":"2025-10-24T17:35:19","guid":{"rendered":"https:\/\/baschecanada.com\/?page_id=267"},"modified":"2025-12-04T02:42:52","modified_gmt":"2025-12-04T02:42:52","slug":"faq","status":"publish","type":"page","link":"https:\/\/baschecanada.com\/de\/faq\/","title":{"rendered":"FAQ"},"content":{"rendered":"<div data-elementor-type=\"wp-page\" data-elementor-id=\"267\" class=\"elementor elementor-267\" data-elementor-post-type=\"page\">\n\t\t\t\t<div class=\"elementor-element elementor-element-719e3baa e-flex e-con-boxed e-con e-parent\" data-id=\"719e3baa\" data-element_type=\"container\">\n\t\t\t\t\t<div class=\"e-con-inner\">\n\t\t\t\t<div class=\"elementor-element elementor-element-6d77217 elementor-widget elementor-widget-heading\" data-id=\"6d77217\" data-element_type=\"widget\" data-widget_type=\"heading.default\">\n\t\t\t\t\t<h2 class=\"elementor-heading-title elementor-size-default\">FAQ\n<\/h2>\t\t\t\t<\/div>\n\t\t\t\t<div class=\"elementor-element elementor-element-f265c54 elementor-widget elementor-widget-eael-adv-accordion\" data-id=\"f265c54\" data-element_type=\"widget\" data-widget_type=\"eael-adv-accordion.default\">\n\t\t\t\t\t        <div class=\"eael-adv-accordion\" id=\"eael-adv-accordion-f265c54\" data-scroll-on-click=\"\" data-scroll-speed=\"300\" data-accordion-id=\"f265c54\" data-accordion-type=\"accordion\" data-toogle-speed=\"300\">\n    <div class=\"eael-accordion-list\">\n                <div id=\"what-kind-of-immigration-support-do-you-offer-\" class=\"elementor-tab-title eael-accordion-header\" tabindex=\"0\" data-tab=\"1\" aria-controls=\"elementor-tab-content-2541\"><span class=\"eael-advanced-accordion-icon-closed\"><svg aria-hidden=\"true\" class=\"fa-accordion-icon e-font-icon-svg e-fas-plus\" viewbox=\"0 0 448 512\" xmlns=\"http:\/\/www.w3.org\/2000\/svg\"><path d=\"M416 208H272V64c0-17.67-14.33-32-32-32h-32c-17.67 0-32 14.33-32 32v144H32c-17.67 0-32 14.33-32 32v32c0 17.67 14.33 32 32 32h144v144c0 17.67 14.33 32 32 32h32c17.67 0 32-14.33 32-32V304h144c17.67 0 32-14.33 32-32v-32c0-17.67-14.33-32-32-32z\"><\/path><\/svg><\/span><span class=\"eael-advanced-accordion-icon-opened\"><svg aria-hidden=\"true\" class=\"fa-accordion-icon e-font-icon-svg e-fas-minus\" viewbox=\"0 0 448 512\" xmlns=\"http:\/\/www.w3.org\/2000\/svg\"><path d=\"M416 208H32c-17.67 0-32 14.33-32 32v32c0 17.67 14.33 32 32 32h384c17.67 0 32-14.33 32-32v-32c0-17.67-14.33-32-32-32z\"><\/path><\/svg><\/span><h5 class=\"eael-accordion-tab-title\">Welche Art von Einwanderungsunterst\u00fctzung bieten Sie an? <\/h5><\/div><div id=\"elementor-tab-content-2541\" class=\"eael-accordion-content clearfix\" data-tab=\"1\" aria-labelledby=\"what-kind-of-immigration-support-do-you-offer-\"><p>Ich biete praktische, pers\u00f6nliche Beratung f\u00fcr deutschsprachige Einzelpersonen und Unternehmen, die nach Kanada umsiedeln m\u00f6chten. Mein Fokus liegt darauf, kulturelle Missverst\u00e4ndnisse und organisatorische Fehler zu vermeiden \u2013 ich \u00fcbernehme keine juristische Vertretung.<\/p><\/div>\n                <\/div><div class=\"eael-accordion-list\">\n                <div id=\"are-you-a-licensed-immigration-lawyer\" class=\"elementor-tab-title eael-accordion-header\" tabindex=\"0\" data-tab=\"2\" aria-controls=\"elementor-tab-content-2542\"><span class=\"eael-advanced-accordion-icon-closed\"><svg aria-hidden=\"true\" class=\"fa-accordion-icon e-font-icon-svg e-fas-plus\" viewbox=\"0 0 448 512\" xmlns=\"http:\/\/www.w3.org\/2000\/svg\"><path d=\"M416 208H272V64c0-17.67-14.33-32-32-32h-32c-17.67 0-32 14.33-32 32v144H32c-17.67 0-32 14.33-32 32v32c0 17.67 14.33 32 32 32h144v144c0 17.67 14.33 32 32 32h32c17.67 0 32-14.33 32-32V304h144c17.67 0 32-14.33 32-32v-32c0-17.67-14.33-32-32-32z\"><\/path><\/svg><\/span><span class=\"eael-advanced-accordion-icon-opened\"><svg aria-hidden=\"true\" class=\"fa-accordion-icon e-font-icon-svg e-fas-minus\" viewbox=\"0 0 448 512\" xmlns=\"http:\/\/www.w3.org\/2000\/svg\"><path d=\"M416 208H32c-17.67 0-32 14.33-32 32v32c0 17.67 14.33 32 32 32h384c17.67 0 32-14.33 32-32v-32c0-17.67-14.33-32-32-32z\"><\/path><\/svg><\/span><h5 class=\"eael-accordion-tab-title\">Sind Sie eine zugelassene Einwanderungsanw\u00e4ltin?<\/h5><\/div><div id=\"elementor-tab-content-2542\" class=\"eael-accordion-content clearfix\" data-tab=\"2\" aria-labelledby=\"are-you-a-licensed-immigration-lawyer\"><p data-start=\"1441\" data-end=\"1627\"><span style=\"font-weight: 400;\">Nein, ich bin keine Anw\u00e4ltin. Ich gebe keine Rechtsberatung, sondern unterst\u00fctze mit praxisnaher Erfahrung. Bei rechtlichen Fragen stelle ich gerne den Kontakt zu qualifizierten Fachleuten her.<\/span><\/p><\/div>\n                <\/div><div class=\"eael-accordion-list\">\n                <div id=\"who-are-your-services-for\" class=\"elementor-tab-title eael-accordion-header\" tabindex=\"0\" data-tab=\"3\" aria-controls=\"elementor-tab-content-2543\"><span class=\"eael-advanced-accordion-icon-closed\"><svg aria-hidden=\"true\" class=\"fa-accordion-icon e-font-icon-svg e-fas-plus\" viewbox=\"0 0 448 512\" xmlns=\"http:\/\/www.w3.org\/2000\/svg\"><path d=\"M416 208H272V64c0-17.67-14.33-32-32-32h-32c-17.67 0-32 14.33-32 32v144H32c-17.67 0-32 14.33-32 32v32c0 17.67 14.33 32 32 32h144v144c0 17.67 14.33 32 32 32h32c17.67 0 32-14.33 32-32V304h144c17.67 0 32-14.33 32-32v-32c0-17.67-14.33-32-32-32z\"><\/path><\/svg><\/span><span class=\"eael-advanced-accordion-icon-opened\"><svg aria-hidden=\"true\" class=\"fa-accordion-icon e-font-icon-svg e-fas-minus\" viewbox=\"0 0 448 512\" xmlns=\"http:\/\/www.w3.org\/2000\/svg\"><path d=\"M416 208H32c-17.67 0-32 14.33-32 32v32c0 17.67 14.33 32 32 32h384c17.67 0 32-14.33 32-32v-32c0-17.67-14.33-32-32-32z\"><\/path><\/svg><\/span><h5 class=\"eael-accordion-tab-title\">F\u00fcr wen sind Ihre Leistungen geeignet?\u00a0<\/h5><\/div><div id=\"elementor-tab-content-2543\" class=\"eael-accordion-content clearfix\" data-tab=\"3\" aria-labelledby=\"who-are-your-services-for\"><p data-start=\"1631\" data-end=\"1855\"><span style=\"font-weight: 400;\">Meine Angebote richten sich an deutschsprachige Einzelpersonen, Familien und Unternehmen, die nach Kanada ziehen und Unterst\u00fctzung bei kulturellen, administrativen oder allt\u00e4glichen Herausforderungen ben\u00f6tigen.<\/span><\/p><\/div>\n                <\/div><div class=\"eael-accordion-list\">\n                <div id=\"do-you-speak-german\" class=\"elementor-tab-title eael-accordion-header\" tabindex=\"0\" data-tab=\"4\" aria-controls=\"elementor-tab-content-2544\"><span class=\"eael-advanced-accordion-icon-closed\"><svg aria-hidden=\"true\" class=\"fa-accordion-icon e-font-icon-svg e-fas-plus\" viewbox=\"0 0 448 512\" xmlns=\"http:\/\/www.w3.org\/2000\/svg\"><path d=\"M416 208H272V64c0-17.67-14.33-32-32-32h-32c-17.67 0-32 14.33-32 32v144H32c-17.67 0-32 14.33-32 32v32c0 17.67 14.33 32 32 32h144v144c0 17.67 14.33 32 32 32h32c17.67 0 32-14.33 32-32V304h144c17.67 0 32-14.33 32-32v-32c0-17.67-14.33-32-32-32z\"><\/path><\/svg><\/span><span class=\"eael-advanced-accordion-icon-opened\"><svg aria-hidden=\"true\" class=\"fa-accordion-icon e-font-icon-svg e-fas-minus\" viewbox=\"0 0 448 512\" xmlns=\"http:\/\/www.w3.org\/2000\/svg\"><path d=\"M416 208H32c-17.67 0-32 14.33-32 32v32c0 17.67 14.33 32 32 32h384c17.67 0 32-14.33 32-32v-32c0-17.67-14.33-32-32-32z\"><\/path><\/svg><\/span><h5 class=\"eael-accordion-tab-title\">Sprechen Sie Deutsch?<\/h5><\/div><div id=\"elementor-tab-content-2544\" class=\"eael-accordion-content clearfix\" data-tab=\"4\" aria-labelledby=\"do-you-speak-german\"><p data-start=\"1859\" data-end=\"2055\"><span style=\"font-weight: 400;\">Ja, selbstverst\u00e4ndlich! Ich arbeite speziell mit deutschsprachigen Kund:innen. Wir kommunizieren auf Deutsch, und ich kenne die kulturellen Feinheiten, die f\u00fcr Sie wichtig sind.<\/span><\/p><\/div>\n                <\/div><div class=\"eael-accordion-list\">\n                <div id=\"can-you-help-with-finding-housing-schools-or-local-contacts\" class=\"elementor-tab-title eael-accordion-header\" tabindex=\"0\" data-tab=\"5\" aria-controls=\"elementor-tab-content-2545\"><span class=\"eael-advanced-accordion-icon-closed\"><svg aria-hidden=\"true\" class=\"fa-accordion-icon e-font-icon-svg e-fas-plus\" viewbox=\"0 0 448 512\" xmlns=\"http:\/\/www.w3.org\/2000\/svg\"><path d=\"M416 208H272V64c0-17.67-14.33-32-32-32h-32c-17.67 0-32 14.33-32 32v144H32c-17.67 0-32 14.33-32 32v32c0 17.67 14.33 32 32 32h144v144c0 17.67 14.33 32 32 32h32c17.67 0 32-14.33 32-32V304h144c17.67 0 32-14.33 32-32v-32c0-17.67-14.33-32-32-32z\"><\/path><\/svg><\/span><span class=\"eael-advanced-accordion-icon-opened\"><svg aria-hidden=\"true\" class=\"fa-accordion-icon e-font-icon-svg e-fas-minus\" viewbox=\"0 0 448 512\" xmlns=\"http:\/\/www.w3.org\/2000\/svg\"><path d=\"M416 208H32c-17.67 0-32 14.33-32 32v32c0 17.67 14.33 32 32 32h384c17.67 0 32-14.33 32-32v-32c0-17.67-14.33-32-32-32z\"><\/path><\/svg><\/span><h5 class=\"eael-accordion-tab-title\">Helfen Sie bei der Wohnungssuche, Schulwahl oder lokalen Kontakten?\u00a0<\/h5><\/div><div id=\"elementor-tab-content-2545\" class=\"eael-accordion-content clearfix\" data-tab=\"5\" aria-labelledby=\"can-you-help-with-finding-housing-schools-or-local-contacts\"><p><span style=\"font-weight: 400;\">Ja, absolut. Ich unterst\u00fctze Sie beim Einleben in Kanada \u2013 sei es bei der Suche nach einer Wohnung, der Auswahl geeigneter Schulen oder beim Aufbau lokaler Kontakte und Ressourcen.<\/span><\/p><\/div>\n                <\/div><div class=\"eael-accordion-list\">\n                <div id=\"do-you-support-companies-expanding-to-canada\" class=\"elementor-tab-title eael-accordion-header\" tabindex=\"0\" data-tab=\"6\" aria-controls=\"elementor-tab-content-2546\"><span class=\"eael-advanced-accordion-icon-closed\"><svg aria-hidden=\"true\" class=\"fa-accordion-icon e-font-icon-svg e-fas-plus\" viewbox=\"0 0 448 512\" xmlns=\"http:\/\/www.w3.org\/2000\/svg\"><path d=\"M416 208H272V64c0-17.67-14.33-32-32-32h-32c-17.67 0-32 14.33-32 32v144H32c-17.67 0-32 14.33-32 32v32c0 17.67 14.33 32 32 32h144v144c0 17.67 14.33 32 32 32h32c17.67 0 32-14.33 32-32V304h144c17.67 0 32-14.33 32-32v-32c0-17.67-14.33-32-32-32z\"><\/path><\/svg><\/span><span class=\"eael-advanced-accordion-icon-opened\"><svg aria-hidden=\"true\" class=\"fa-accordion-icon e-font-icon-svg e-fas-minus\" viewbox=\"0 0 448 512\" xmlns=\"http:\/\/www.w3.org\/2000\/svg\"><path d=\"M416 208H32c-17.67 0-32 14.33-32 32v32c0 17.67 14.33 32 32 32h384c17.67 0 32-14.33 32-32v-32c0-17.67-14.33-32-32-32z\"><\/path><\/svg><\/span><h5 class=\"eael-accordion-tab-title\">Unterst\u00fctzen Sie auch Unternehmen beim Markteintritt in Kanada?\u00a0<\/h5><\/div><div id=\"elementor-tab-content-2546\" class=\"eael-accordion-content clearfix\" data-tab=\"6\" aria-labelledby=\"do-you-support-companies-expanding-to-canada\"><p><span style=\"font-weight: 400;\">Ja. Ich begleite deutschsprachige Unternehmen dabei, Niederlassungen zu er\u00f6ffnen, Start-ups zu gr\u00fcnden oder Gesch\u00e4ftsabl\u00e4ufe vor Ort zu steuern.\nIch helfe bei der Standortsuche, der Organisation von Genehmigungen und der Vernetzung mit lokalen Partnern. Zus\u00e4tzlich bin ich auch pers\u00f6nlich vor Ort, begleite Sie zu Terminen, \u00fcbernehme administrative Aufgaben und vertrete Ihre Interessen \u2013 weit \u00fcber das hinaus, was digitale Services leisten k\u00f6nnen.<\/span><\/p><\/div>\n                <\/div><div class=\"eael-accordion-list\">\n                <div id=\"can-you-help-with-legal-or-tax-questions\" class=\"elementor-tab-title eael-accordion-header\" tabindex=\"0\" data-tab=\"7\" aria-controls=\"elementor-tab-content-2547\"><span class=\"eael-advanced-accordion-icon-closed\"><svg aria-hidden=\"true\" class=\"fa-accordion-icon e-font-icon-svg e-fas-plus\" viewbox=\"0 0 448 512\" xmlns=\"http:\/\/www.w3.org\/2000\/svg\"><path d=\"M416 208H272V64c0-17.67-14.33-32-32-32h-32c-17.67 0-32 14.33-32 32v144H32c-17.67 0-32 14.33-32 32v32c0 17.67 14.33 32 32 32h144v144c0 17.67 14.33 32 32 32h32c17.67 0 32-14.33 32-32V304h144c17.67 0 32-14.33 32-32v-32c0-17.67-14.33-32-32-32z\"><\/path><\/svg><\/span><span class=\"eael-advanced-accordion-icon-opened\"><svg aria-hidden=\"true\" class=\"fa-accordion-icon e-font-icon-svg e-fas-minus\" viewbox=\"0 0 448 512\" xmlns=\"http:\/\/www.w3.org\/2000\/svg\"><path d=\"M416 208H32c-17.67 0-32 14.33-32 32v32c0 17.67 14.33 32 32 32h384c17.67 0 32-14.33 32-32v-32c0-17.67-14.33-32-32-32z\"><\/path><\/svg><\/span><h5 class=\"eael-accordion-tab-title\">Helfen Sie bei rechtlichen oder steuerlichen Fragen?\u00a0<\/h5><\/div><div id=\"elementor-tab-content-2547\" class=\"eael-accordion-content clearfix\" data-tab=\"7\" aria-labelledby=\"can-you-help-with-legal-or-tax-questions\"><p><span style=\"font-weight: 400;\">Ich gebe keine rechtliche oder steuerliche Beratung. Aber ich helfe Ihnen dabei, sich gut auf Gespr\u00e4che mit Anw\u00e4lt:innen oder Steuerberater:innen vorzubereiten. Ich arbeite mit Ihnen daran, herauszufinden, welche Fragen Sie stellen sollten, damit Sie fundierte Antworten erhalten und bessere Entscheidungen treffen k\u00f6nnen.<\/span><\/p><\/div>\n                <\/div><div class=\"eael-accordion-list\">\n                <div id=\"can-you-help-with-cross-border-tax-issues\" class=\"elementor-tab-title eael-accordion-header\" tabindex=\"0\" data-tab=\"8\" aria-controls=\"elementor-tab-content-2548\"><span class=\"eael-advanced-accordion-icon-closed\"><svg aria-hidden=\"true\" class=\"fa-accordion-icon e-font-icon-svg e-fas-plus\" viewbox=\"0 0 448 512\" xmlns=\"http:\/\/www.w3.org\/2000\/svg\"><path d=\"M416 208H272V64c0-17.67-14.33-32-32-32h-32c-17.67 0-32 14.33-32 32v144H32c-17.67 0-32 14.33-32 32v32c0 17.67 14.33 32 32 32h144v144c0 17.67 14.33 32 32 32h32c17.67 0 32-14.33 32-32V304h144c17.67 0 32-14.33 32-32v-32c0-17.67-14.33-32-32-32z\"><\/path><\/svg><\/span><span class=\"eael-advanced-accordion-icon-opened\"><svg aria-hidden=\"true\" class=\"fa-accordion-icon e-font-icon-svg e-fas-minus\" viewbox=\"0 0 448 512\" xmlns=\"http:\/\/www.w3.org\/2000\/svg\"><path d=\"M416 208H32c-17.67 0-32 14.33-32 32v32c0 17.67 14.33 32 32 32h384c17.67 0 32-14.33 32-32v-32c0-17.67-14.33-32-32-32z\"><\/path><\/svg><\/span><h5 class=\"eael-accordion-tab-title\">Unterst\u00fctzen Sie bei steuerlichen Fragen mit grenz\u00fcberschreitendem Bezug?\u00a0<\/h5><\/div><div id=\"elementor-tab-content-2548\" class=\"eael-accordion-content clearfix\" data-tab=\"8\" aria-labelledby=\"can-you-help-with-cross-border-tax-issues\">Ich bin keine Steuerberaterin, aber ich helfe Ihnen, die Unterschiede und Verbindungen zwischen dem deutschen und kanadischen Steuersystem besser zu verstehen.\nDank meiner Erfahrung kann ich Ihnen wichtige Gespr\u00e4chspunkte aufzeigen, die viele lokale Berater nicht auf dem Schirm haben. So k\u00f6nnen Sie gezielter Fragen stellen, Missverst\u00e4ndnisse vermeiden und schneller zu klaren Ergebnissen kommen \u2013 oft mit deutlichen Zeit- und Kostenvorteilen.<\/span><\/div>\n                <\/div><\/div>\t\t\t\t<\/div>\n\t\t\t\t\t<\/div>\n\t\t\t\t<\/div>\n\t\t\t\t<\/div>","protected":false},"excerpt":{"rendered":"<p>FAQ What kind of immigration support do you offer? I offer practical, on-site consulting services for German-speaking individuals and businesses relocating to Canada. My focus is on helping you avoid cultural misunderstandings and logistical mistakes\u2014not legal representation. Are you a licensed immigration lawyer? No, I am not a lawyer. I offer real-world guidance and support [&hellip;]<\/p>","protected":false},"author":1,"featured_media":402,"parent":0,"menu_order":0,"comment_status":"closed","ping_status":"closed","template":"","meta":{"footnotes":""},"class_list":["post-267","page","type-page","status-publish","has-post-thumbnail","hentry"],"yoast_head":"<!-- This site is optimized with the Yoast SEO plugin v26.4 - https:\/\/yoast.com\/wordpress\/plugins\/seo\/ -->\n<title>Immigration Support Canada FAQ | Practical Relocation Guidance<\/title>\n<meta name=\"description\" content=\"This FAQs outline the immigration support services I provide, including practical relocation guidance, newcomer help and non legal support.\" \/>\n<meta name=\"robots\" content=\"index, follow, max-snippet:-1, max-image-preview:large, max-video-preview:-1\" \/>\n<link rel=\"canonical\" href=\"https:\/\/baschecanada.com\/de\/faq\/\" \/>\n<meta property=\"og:locale\" content=\"de_DE\" \/>\n<meta property=\"og:type\" content=\"article\" \/>\n<meta property=\"og:title\" content=\"Immigration Support Canada FAQ | Practical Relocation Guidance\" \/>\n<meta property=\"og:description\" content=\"This FAQs outline the immigration support services I provide, including practical relocation guidance, newcomer help and non legal support.\" \/>\n<meta property=\"og:url\" content=\"https:\/\/baschecanada.com\/de\/faq\/\" \/>\n<meta property=\"og:site_name\" content=\"baschecanada.com\" \/>\n<meta property=\"article:modified_time\" content=\"2025-12-04T02:42:52+00:00\" \/>\n<meta property=\"og:image\" content=\"https:\/\/baschecanada.com\/wp-content\/uploads\/2025\/11\/Sept-27_-2024-LCO-112.jpg\" \/>\n\t<meta property=\"og:image:width\" content=\"938\" \/>\n\t<meta property=\"og:image:height\" content=\"1600\" \/>\n\t<meta property=\"og:image:type\" content=\"image\/jpeg\" \/>\n<meta name=\"twitter:card\" content=\"summary_large_image\" \/>\n<meta name=\"twitter:label1\" content=\"Gesch\u00e4tzte Lesezeit\" \/>\n\t<meta name=\"twitter:data1\" content=\"2\u00a0Minuten\" \/>\n<script type=\"application\/ld+json\" class=\"yoast-schema-graph\">{\"@context\":\"https:\/\/schema.org\",\"@graph\":[{\"@type\":\"WebPage\",\"@id\":\"https:\/\/baschecanada.com\/faq\/\",\"url\":\"https:\/\/baschecanada.com\/faq\/\",\"name\":\"Immigration Support Canada FAQ | Practical Relocation Guidance\",\"isPartOf\":{\"@id\":\"https:\/\/baschecanada.com\/#website\"},\"primaryImageOfPage\":{\"@id\":\"https:\/\/baschecanada.com\/faq\/#primaryimage\"},\"image\":{\"@id\":\"https:\/\/baschecanada.com\/faq\/#primaryimage\"},\"thumbnailUrl\":\"https:\/\/baschecanada.com\/wp-content\/uploads\/2025\/11\/Sept-27_-2024-LCO-112.jpg\",\"datePublished\":\"2025-10-24T17:35:19+00:00\",\"dateModified\":\"2025-12-04T02:42:52+00:00\",\"description\":\"This FAQs outline the immigration support services I provide, including practical relocation guidance, newcomer help and non legal support.\",\"breadcrumb\":{\"@id\":\"https:\/\/baschecanada.com\/faq\/#breadcrumb\"},\"inLanguage\":\"de\",\"potentialAction\":[{\"@type\":\"ReadAction\",\"target\":[\"https:\/\/baschecanada.com\/faq\/\"]}]},{\"@type\":\"ImageObject\",\"inLanguage\":\"de\",\"@id\":\"https:\/\/baschecanada.com\/faq\/#primaryimage\",\"url\":\"https:\/\/baschecanada.com\/wp-content\/uploads\/2025\/11\/Sept-27_-2024-LCO-112.jpg\",\"contentUrl\":\"https:\/\/baschecanada.com\/wp-content\/uploads\/2025\/11\/Sept-27_-2024-LCO-112.jpg\",\"width\":938,\"height\":1600,\"caption\":\"Immigration Support Canada by Andrea Basche\"},{\"@type\":\"BreadcrumbList\",\"@id\":\"https:\/\/baschecanada.com\/faq\/#breadcrumb\",\"itemListElement\":[{\"@type\":\"ListItem\",\"position\":1,\"name\":\"Home\",\"item\":\"https:\/\/baschecanada.com\/\"},{\"@type\":\"ListItem\",\"position\":2,\"name\":\"FAQ\"}]},{\"@type\":\"WebSite\",\"@id\":\"https:\/\/baschecanada.com\/#website\",\"url\":\"https:\/\/baschecanada.com\/\",\"name\":\"baschecanada.com\",\"description\":\"\",\"publisher\":{\"@id\":\"https:\/\/baschecanada.com\/#organization\"},\"potentialAction\":[{\"@type\":\"SearchAction\",\"target\":{\"@type\":\"EntryPoint\",\"urlTemplate\":\"https:\/\/baschecanada.com\/?s={search_term_string}\"},\"query-input\":{\"@type\":\"PropertyValueSpecification\",\"valueRequired\":true,\"valueName\":\"search_term_string\"}}],\"inLanguage\":\"de\"},{\"@type\":\"Organization\",\"@id\":\"https:\/\/baschecanada.com\/#organization\",\"name\":\"baschecanada.com\",\"url\":\"https:\/\/baschecanada.com\/\",\"logo\":{\"@type\":\"ImageObject\",\"inLanguage\":\"de\",\"@id\":\"https:\/\/baschecanada.com\/#\/schema\/logo\/image\/\",\"url\":\"https:\/\/baschecanada.com\/wp-content\/uploads\/2025\/10\/Basche-Canada-1-scaled.png\",\"contentUrl\":\"https:\/\/baschecanada.com\/wp-content\/uploads\/2025\/10\/Basche-Canada-1-scaled.png\",\"width\":2560,\"height\":531,\"caption\":\"baschecanada.com\"},\"image\":{\"@id\":\"https:\/\/baschecanada.com\/#\/schema\/logo\/image\/\"}}]}<\/script>\n<!-- \/ Yoast SEO plugin. -->","yoast_head_json":{"title":"Immigration Support Canada FAQ | Practical Relocation Guidance","description":"This FAQs outline the immigration support services I provide, including practical relocation guidance, newcomer help and non legal support.","robots":{"index":"index","follow":"follow","max-snippet":"max-snippet:-1","max-image-preview":"max-image-preview:large","max-video-preview":"max-video-preview:-1"},"canonical":"https:\/\/baschecanada.com\/de\/faq\/","og_locale":"de_DE","og_type":"article","og_title":"Immigration Support Canada FAQ | Practical Relocation Guidance","og_description":"This FAQs outline the immigration support services I provide, including practical relocation guidance, newcomer help and non legal support.","og_url":"https:\/\/baschecanada.com\/de\/faq\/","og_site_name":"baschecanada.com","article_modified_time":"2025-12-04T02:42:52+00:00","og_image":[{"width":938,"height":1600,"url":"https:\/\/baschecanada.com\/wp-content\/uploads\/2025\/11\/Sept-27_-2024-LCO-112.jpg","type":"image\/jpeg"}],"twitter_card":"summary_large_image","twitter_misc":{"Gesch\u00e4tzte Lesezeit":"2\u00a0Minuten"},"schema":{"@context":"https:\/\/schema.org","@graph":[{"@type":"WebPage","@id":"https:\/\/baschecanada.com\/faq\/","url":"https:\/\/baschecanada.com\/faq\/","name":"Immigration Support Canada FAQ | Practical Relocation Guidance","isPartOf":{"@id":"https:\/\/baschecanada.com\/#website"},"primaryImageOfPage":{"@id":"https:\/\/baschecanada.com\/faq\/#primaryimage"},"image":{"@id":"https:\/\/baschecanada.com\/faq\/#primaryimage"},"thumbnailUrl":"https:\/\/baschecanada.com\/wp-content\/uploads\/2025\/11\/Sept-27_-2024-LCO-112.jpg","datePublished":"2025-10-24T17:35:19+00:00","dateModified":"2025-12-04T02:42:52+00:00","description":"This FAQs outline the immigration support services I provide, including practical relocation guidance, newcomer help and non legal support.","breadcrumb":{"@id":"https:\/\/baschecanada.com\/faq\/#breadcrumb"},"inLanguage":"de","potentialAction":[{"@type":"ReadAction","target":["https:\/\/baschecanada.com\/faq\/"]}]},{"@type":"ImageObject","inLanguage":"de","@id":"https:\/\/baschecanada.com\/faq\/#primaryimage","url":"https:\/\/baschecanada.com\/wp-content\/uploads\/2025\/11\/Sept-27_-2024-LCO-112.jpg","contentUrl":"https:\/\/baschecanada.com\/wp-content\/uploads\/2025\/11\/Sept-27_-2024-LCO-112.jpg","width":938,"height":1600,"caption":"Immigration Support Canada by Andrea Basche"},{"@type":"BreadcrumbList","@id":"https:\/\/baschecanada.com\/faq\/#breadcrumb","itemListElement":[{"@type":"ListItem","position":1,"name":"Home","item":"https:\/\/baschecanada.com\/"},{"@type":"ListItem","position":2,"name":"FAQ"}]},{"@type":"WebSite","@id":"https:\/\/baschecanada.com\/#website","url":"https:\/\/baschecanada.com\/","name":"baschecanada.com","description":"","publisher":{"@id":"https:\/\/baschecanada.com\/#organization"},"potentialAction":[{"@type":"SearchAction","target":{"@type":"EntryPoint","urlTemplate":"https:\/\/baschecanada.com\/?s={search_term_string}"},"query-input":{"@type":"PropertyValueSpecification","valueRequired":true,"valueName":"search_term_string"}}],"inLanguage":"de"},{"@type":"Organization","@id":"https:\/\/baschecanada.com\/#organization","name":"baschecanada.com","url":"https:\/\/baschecanada.com\/","logo":{"@type":"ImageObject","inLanguage":"de","@id":"https:\/\/baschecanada.com\/#\/schema\/logo\/image\/","url":"https:\/\/baschecanada.com\/wp-content\/uploads\/2025\/10\/Basche-Canada-1-scaled.png","contentUrl":"https:\/\/baschecanada.com\/wp-content\/uploads\/2025\/10\/Basche-Canada-1-scaled.png","width":2560,"height":531,"caption":"baschecanada.com"},"image":{"@id":"https:\/\/baschecanada.com\/#\/schema\/logo\/image\/"}}]}},"_links":{"self":[{"href":"https:\/\/baschecanada.com\/de\/wp-json\/wp\/v2\/pages\/267","targetHints":{"allow":["GET"]}}],"collection":[{"href":"https:\/\/baschecanada.com\/de\/wp-json\/wp\/v2\/pages"}],"about":[{"href":"https:\/\/baschecanada.com\/de\/wp-json\/wp\/v2\/types\/page"}],"author":[{"embeddable":true,"href":"https:\/\/baschecanada.com\/de\/wp-json\/wp\/v2\/users\/1"}],"replies":[{"embeddable":true,"href":"https:\/\/baschecanada.com\/de\/wp-json\/wp\/v2\/comments?post=267"}],"version-history":[{"count":18,"href":"https:\/\/baschecanada.com\/de\/wp-json\/wp\/v2\/pages\/267\/revisions"}],"predecessor-version":[{"id":1167,"href":"https:\/\/baschecanada.com\/de\/wp-json\/wp\/v2\/pages\/267\/revisions\/1167"}],"wp:featuredmedia":[{"embeddable":true,"href":"https:\/\/baschecanada.com\/de\/wp-json\/wp\/v2\/media\/402"}],"wp:attachment":[{"href":"https:\/\/baschecanada.com\/de\/wp-json\/wp\/v2\/media?parent=267"}],"curies":[{"name":"wp","href":"https:\/\/api.w.org\/{rel}","templated":true}]}}