{"id":315,"date":"2025-10-28T21:15:04","date_gmt":"2025-10-28T21:15:04","guid":{"rendered":"https:\/\/baschecanada.com\/?page_id=315"},"modified":"2025-12-02T17:08:10","modified_gmt":"2025-12-02T17:08:10","slug":"business-consulting","status":"publish","type":"page","link":"https:\/\/baschecanada.com\/de\/business-consulting\/","title":{"rendered":"Business Consulting"},"content":{"rendered":"<div data-elementor-type=\"wp-page\" data-elementor-id=\"315\" class=\"elementor elementor-315\" data-elementor-post-type=\"page\">\n\t\t\t\t<div class=\"elementor-element elementor-element-c1b468f e-flex e-con-boxed e-con e-parent\" data-id=\"c1b468f\" data-element_type=\"container\">\n\t\t\t\t\t<div class=\"e-con-inner\">\n\t\t\t\t<div class=\"elementor-element elementor-element-37d9055 elementor-widget elementor-widget-heading\" data-id=\"37d9055\" data-element_type=\"widget\" data-widget_type=\"heading.default\">\n\t\t\t\t\t<h1 class=\"elementor-heading-title elementor-size-default\">Business Consulting in Kanada<\/h1>\t\t\t\t<\/div>\n\t\t\t\t<div class=\"elementor-element elementor-element-3d3ddf7 elementor-widget elementor-widget-heading\" data-id=\"3d3ddf7\" data-element_type=\"widget\" data-widget_type=\"heading.default\">\n\t\t\t\t\t<h2 class=\"elementor-heading-title elementor-size-default\">Pers\u00f6nliche Unterst\u00fctzung f\u00fcr deutschsprachige Unternehmer:innen und Fachkr\u00e4fte<\/h2>\t\t\t\t<\/div>\n\t\t\t\t<div class=\"elementor-element elementor-element-bae5972 elementor-widget elementor-widget-text-editor\" data-id=\"bae5972\" data-element_type=\"widget\" data-widget_type=\"text-editor.default\">\n\t\t\t\t\t\t\t\t\t<p data-start=\"615\" data-end=\"953\">Ich unterst\u00fctze deutschsprachige Unternehmen und Fachkr\u00e4fte dabei, in Kanada Fu\u00df zu fassen. Mit meiner praxisnahen Vor-Ort-Begleitung wird Ihnen der Einstieg in das kanadische Gesch\u00e4ftsumfeld deutlich leichter fallen.<\/p>\n<p data-start=\"955\" data-end=\"971\">\n<\/p>\t\t\t\t\t\t\t\t<\/div>\n\t\t\t\t<div class=\"elementor-element elementor-element-d832226 elementor-widget elementor-widget-heading\" data-id=\"d832226\" data-element_type=\"widget\" data-widget_type=\"heading.default\">\n\t\t\t\t\t<h2 class=\"elementor-heading-title elementor-size-default\">Mein Beratungsangebot f\u00fcr Ihren Gesch\u00e4ftserfolg in Kanada:<\/h2>\t\t\t\t<\/div>\n\t\t\t\t<div class=\"elementor-element elementor-element-6801222 elementor-widget elementor-widget-eael-adv-accordion\" data-id=\"6801222\" data-element_type=\"widget\" data-widget_type=\"eael-adv-accordion.default\">\n\t\t\t\t\t        <div class=\"eael-adv-accordion\" id=\"eael-adv-accordion-6801222\" data-scroll-on-click=\"\" data-scroll-speed=\"300\" data-accordion-id=\"6801222\" data-accordion-type=\"accordion\" data-toogle-speed=\"300\">\n    <div class=\"eael-accordion-list\">\n                <div id=\"providing-in-person-presence-and-representation\" class=\"elementor-tab-title eael-accordion-header\" tabindex=\"0\" data-tab=\"1\" aria-controls=\"elementor-tab-content-1091\"><span class=\"eael-advanced-accordion-icon-closed\"><svg aria-hidden=\"true\" class=\"fa-accordion-icon e-font-icon-svg e-fas-plus\" viewbox=\"0 0 448 512\" xmlns=\"http:\/\/www.w3.org\/2000\/svg\"><path d=\"M416 208H272V64c0-17.67-14.33-32-32-32h-32c-17.67 0-32 14.33-32 32v144H32c-17.67 0-32 14.33-32 32v32c0 17.67 14.33 32 32 32h144v144c0 17.67 14.33 32 32 32h32c17.67 0 32-14.33 32-32V304h144c17.67 0 32-14.33 32-32v-32c0-17.67-14.33-32-32-32z\"><\/path><\/svg><\/span><span class=\"eael-advanced-accordion-icon-opened\"><svg aria-hidden=\"true\" class=\"fa-accordion-icon e-font-icon-svg e-fas-minus\" viewbox=\"0 0 448 512\" xmlns=\"http:\/\/www.w3.org\/2000\/svg\"><path d=\"M416 208H32c-17.67 0-32 14.33-32 32v32c0 17.67 14.33 32 32 32h384c17.67 0 32-14.33 32-32v-32c0-17.67-14.33-32-32-32z\"><\/path><\/svg><\/span><h5 class=\"eael-accordion-tab-title\">Pers\u00f6nliche Pr\u00e4senz und Vertretung vor Ort in Vancouver<\/h5><\/div><div id=\"elementor-tab-content-1091\" class=\"eael-accordion-content clearfix\" data-tab=\"1\" aria-labelledby=\"providing-in-person-presence-and-representation\"><p data-start=\"2684\" data-end=\"2870\">Ich biete weit mehr als digitale Unterst\u00fctzung: Wenn n\u00f6tig, k\u00fcmmere ich mich pers\u00f6nlich um relevante Aufgaben und Erledigungen vor Ort.<\/p><\/div>\n                <\/div><div class=\"eael-accordion-list\">\n                <div id=\"finding-reliable-local-service-providers-and-business-partners\" class=\"elementor-tab-title eael-accordion-header\" tabindex=\"0\" data-tab=\"2\" aria-controls=\"elementor-tab-content-1092\"><span class=\"eael-advanced-accordion-icon-closed\"><svg aria-hidden=\"true\" class=\"fa-accordion-icon e-font-icon-svg e-fas-plus\" viewbox=\"0 0 448 512\" xmlns=\"http:\/\/www.w3.org\/2000\/svg\"><path d=\"M416 208H272V64c0-17.67-14.33-32-32-32h-32c-17.67 0-32 14.33-32 32v144H32c-17.67 0-32 14.33-32 32v32c0 17.67 14.33 32 32 32h144v144c0 17.67 14.33 32 32 32h32c17.67 0 32-14.33 32-32V304h144c17.67 0 32-14.33 32-32v-32c0-17.67-14.33-32-32-32z\"><\/path><\/svg><\/span><span class=\"eael-advanced-accordion-icon-opened\"><svg aria-hidden=\"true\" class=\"fa-accordion-icon e-font-icon-svg e-fas-minus\" viewbox=\"0 0 448 512\" xmlns=\"http:\/\/www.w3.org\/2000\/svg\"><path d=\"M416 208H32c-17.67 0-32 14.33-32 32v32c0 17.67 14.33 32 32 32h384c17.67 0 32-14.33 32-32v-32c0-17.67-14.33-32-32-32z\"><\/path><\/svg><\/span><h5 class=\"eael-accordion-tab-title\">Vermittlung verl\u00e4sslicher lokaler Dienstleister und Gesch\u00e4ftspartner<\/h5><\/div><div id=\"elementor-tab-content-1092\" class=\"eael-accordion-content clearfix\" data-tab=\"2\" aria-labelledby=\"finding-reliable-local-service-providers-and-business-partners\"><p data-start=\"2281\" data-end=\"2470\">Ich stelle f\u00fcr Sie den Kontakt zu zuverl\u00e4ssigen und vertrauensw\u00fcrdigen Partnern aus meinem Netzwerk her.<\/p><\/div>\n                <\/div><div class=\"eael-accordion-list\">\n                <div id=\"identifying-and-evaluating-suitable-business-locations-in-and-around-vancouver\" class=\"elementor-tab-title eael-accordion-header\" tabindex=\"0\" data-tab=\"3\" aria-controls=\"elementor-tab-content-1093\"><span class=\"eael-advanced-accordion-icon-closed\"><svg aria-hidden=\"true\" class=\"fa-accordion-icon e-font-icon-svg e-fas-plus\" viewbox=\"0 0 448 512\" xmlns=\"http:\/\/www.w3.org\/2000\/svg\"><path d=\"M416 208H272V64c0-17.67-14.33-32-32-32h-32c-17.67 0-32 14.33-32 32v144H32c-17.67 0-32 14.33-32 32v32c0 17.67 14.33 32 32 32h144v144c0 17.67 14.33 32 32 32h32c17.67 0 32-14.33 32-32V304h144c17.67 0 32-14.33 32-32v-32c0-17.67-14.33-32-32-32z\"><\/path><\/svg><\/span><span class=\"eael-advanced-accordion-icon-opened\"><svg aria-hidden=\"true\" class=\"fa-accordion-icon e-font-icon-svg e-fas-minus\" viewbox=\"0 0 448 512\" xmlns=\"http:\/\/www.w3.org\/2000\/svg\"><path d=\"M416 208H32c-17.67 0-32 14.33-32 32v32c0 17.67 14.33 32 32 32h384c17.67 0 32-14.33 32-32v-32c0-17.67-14.33-32-32-32z\"><\/path><\/svg><\/span><h5 class=\"eael-accordion-tab-title\">Identifizierung und Bewertung geeigneter Standorte in und um Vancouver.<\/h5><\/div><div id=\"elementor-tab-content-1093\" class=\"eael-accordion-content clearfix\" data-tab=\"3\" aria-labelledby=\"identifying-and-evaluating-suitable-business-locations-in-and-around-vancouver\"><p data-start=\"1230\" data-end=\"1437\">Ich biete Entscheidungshilfe bei der Auswahl geeigneter Standorte in Westkanada, die zu Ihrem Gesch\u00e4ftsmodell passen.<\/p><\/div>\n                <\/div><div class=\"eael-accordion-list\">\n                <div id=\"organizing-permits-and-administrative-processes\" class=\"elementor-tab-title eael-accordion-header\" tabindex=\"0\" data-tab=\"4\" aria-controls=\"elementor-tab-content-1094\"><span class=\"eael-advanced-accordion-icon-closed\"><svg aria-hidden=\"true\" class=\"fa-accordion-icon e-font-icon-svg e-fas-plus\" viewbox=\"0 0 448 512\" xmlns=\"http:\/\/www.w3.org\/2000\/svg\"><path d=\"M416 208H272V64c0-17.67-14.33-32-32-32h-32c-17.67 0-32 14.33-32 32v144H32c-17.67 0-32 14.33-32 32v32c0 17.67 14.33 32 32 32h144v144c0 17.67 14.33 32 32 32h32c17.67 0 32-14.33 32-32V304h144c17.67 0 32-14.33 32-32v-32c0-17.67-14.33-32-32-32z\"><\/path><\/svg><\/span><span class=\"eael-advanced-accordion-icon-opened\"><svg aria-hidden=\"true\" class=\"fa-accordion-icon e-font-icon-svg e-fas-minus\" viewbox=\"0 0 448 512\" xmlns=\"http:\/\/www.w3.org\/2000\/svg\"><path d=\"M416 208H32c-17.67 0-32 14.33-32 32v32c0 17.67 14.33 32 32 32h384c17.67 0 32-14.33 32-32v-32c0-17.67-14.33-32-32-32z\"><\/path><\/svg><\/span><h5 class=\"eael-accordion-tab-title\">Unterst\u00fctzung bei der Erlangung von Genehmigungen.<\/h5><\/div><div id=\"elementor-tab-content-1094\" class=\"eael-accordion-content clearfix\" data-tab=\"4\" aria-labelledby=\"organizing-permits-and-administrative-processes\"><p data-start=\"346\" data-end=\"502\">Ich unterst\u00fctze Sie dabei, die notwendigen Genehmigungen zu erhalten und alle relevanten lokalen Gesch\u00e4ftsanforderungen zu erf\u00fcllen.<\/p><p data-start=\"504\" data-end=\"635\">\u00a0<\/p><\/div>\n                <\/div><div class=\"eael-accordion-list\">\n                <div id=\"sharing-practical-insights-into-the-local-market-culture-and-business-environment\" class=\"elementor-tab-title eael-accordion-header\" tabindex=\"0\" data-tab=\"5\" aria-controls=\"elementor-tab-content-1095\"><span class=\"eael-advanced-accordion-icon-closed\"><svg aria-hidden=\"true\" class=\"fa-accordion-icon e-font-icon-svg e-fas-plus\" viewbox=\"0 0 448 512\" xmlns=\"http:\/\/www.w3.org\/2000\/svg\"><path d=\"M416 208H272V64c0-17.67-14.33-32-32-32h-32c-17.67 0-32 14.33-32 32v144H32c-17.67 0-32 14.33-32 32v32c0 17.67 14.33 32 32 32h144v144c0 17.67 14.33 32 32 32h32c17.67 0 32-14.33 32-32V304h144c17.67 0 32-14.33 32-32v-32c0-17.67-14.33-32-32-32z\"><\/path><\/svg><\/span><span class=\"eael-advanced-accordion-icon-opened\"><svg aria-hidden=\"true\" class=\"fa-accordion-icon e-font-icon-svg e-fas-minus\" viewbox=\"0 0 448 512\" xmlns=\"http:\/\/www.w3.org\/2000\/svg\"><path d=\"M416 208H32c-17.67 0-32 14.33-32 32v32c0 17.67 14.33 32 32 32h384c17.67 0 32-14.33 32-32v-32c0-17.67-14.33-32-32-32z\"><\/path><\/svg><\/span><h5 class=\"eael-accordion-tab-title\">Weitergabe praxisnaher Einblicke in Markt, Kultur und Gesch\u00e4ftsumfeld<\/h5><\/div><div id=\"elementor-tab-content-1095\" class=\"eael-accordion-content clearfix\" data-tab=\"5\" aria-labelledby=\"sharing-practical-insights-into-the-local-market-culture-and-business-environment\"><p data-start=\"1631\" data-end=\"1855\">Durch meine eigenen Erfahrungen vor Ort erhalten Sie wertvolle Einblicke, vermeiden g\u00e4ngige Fehlentscheidungen und gewinnen ein klareres Verst\u00e4ndnis f\u00fcr das Gesch\u00e4ftsleben in Kanada.<\/p><\/div>\n                <\/div><div class=\"eael-accordion-list\">\n                <div id=\"helping-assess-political-and-economic-developments-that-may-impact-your-business\" class=\"elementor-tab-title eael-accordion-header\" tabindex=\"0\" data-tab=\"6\" aria-controls=\"elementor-tab-content-1096\"><span class=\"eael-advanced-accordion-icon-closed\"><svg aria-hidden=\"true\" class=\"fa-accordion-icon e-font-icon-svg e-fas-plus\" viewbox=\"0 0 448 512\" xmlns=\"http:\/\/www.w3.org\/2000\/svg\"><path d=\"M416 208H272V64c0-17.67-14.33-32-32-32h-32c-17.67 0-32 14.33-32 32v144H32c-17.67 0-32 14.33-32 32v32c0 17.67 14.33 32 32 32h144v144c0 17.67 14.33 32 32 32h32c17.67 0 32-14.33 32-32V304h144c17.67 0 32-14.33 32-32v-32c0-17.67-14.33-32-32-32z\"><\/path><\/svg><\/span><span class=\"eael-advanced-accordion-icon-opened\"><svg aria-hidden=\"true\" class=\"fa-accordion-icon e-font-icon-svg e-fas-minus\" viewbox=\"0 0 448 512\" xmlns=\"http:\/\/www.w3.org\/2000\/svg\"><path d=\"M416 208H32c-17.67 0-32 14.33-32 32v32c0 17.67 14.33 32 32 32h384c17.67 0 32-14.33 32-32v-32c0-17.67-14.33-32-32-32z\"><\/path><\/svg><\/span><h5 class=\"eael-accordion-tab-title\">Unterst\u00fctzung bei der Einsch\u00e4tzung wirtschaftlicher und politischer Entwicklungen<\/h5><\/div><div id=\"elementor-tab-content-1096\" class=\"eael-accordion-content clearfix\" data-tab=\"6\" aria-labelledby=\"helping-assess-political-and-economic-developments-that-may-impact-your-business\"><p data-start=\"2059\" data-end=\"2277\">Einordnung aktueller Trends, Marktbewegungen und politischer Rahmenbedingungen mit Relevanz f\u00fcr Ihre Gesch\u00e4ftsvorhaben.<\/p><\/div>\n                <\/div><\/div>\t\t\t\t<\/div>\n\t\t\t\t\t<\/div>\n\t\t\t\t<\/div>\n\t\t<div class=\"elementor-element elementor-element-68429f7 e-con-full e-flex e-con e-child\" data-id=\"68429f7\" data-element_type=\"container\">\n\t\t\t\t<div class=\"elementor-element elementor-element-e5858b3 elementor-widget-tablet__width-initial elementor-widget elementor-widget-heading\" data-id=\"e5858b3\" data-element_type=\"widget\" data-widget_type=\"heading.default\">\n\t\t\t\t\t<h2 class=\"elementor-heading-title elementor-size-default\">Kostenloses Beratungsgespr\u00e4ch Anfragen<\/h2>\t\t\t\t<\/div>\n\t\t\t\t<div class=\"elementor-element elementor-element-bbea3d5 elementor-widget elementor-widget-text-editor\" data-id=\"bbea3d5\" data-element_type=\"widget\" data-widget_type=\"text-editor.default\">\n\t\t\t\t\t\t\t\t\t<p>Vereinbaren Sie ein pers\u00f6nliches Beratungsgespr\u00e4ch, um Ihre Pl\u00e4ne zu besprechen, konkrete Fragen zu stellen oder herauszufinden, wie ich Sie beim Markteintritt in Kanada unterst\u00fctzen kann. W\u00e4hlen Sie einfach einen passenden Termin \u2013 ich freue mich auf das Gespr\u00e4ch!<\/p>\t\t\t\t\t\t\t\t<\/div>\n\t\t\t\t<div class=\"elementor-element elementor-element-9f29d42 elementor-widget elementor-widget-html\" data-id=\"9f29d42\" data-element_type=\"widget\" data-widget_type=\"html.default\">\n\t\t\t\t\t<!-- Calendly inline widget begin -->\n<div class=\"calendly-inline-widget\" data-url=\"https:\/\/calendly.com\/abasche6\" style=\"min-width:320px;height:700px;\"><\/div>\n<script type=\"text\/javascript\" src=\"https:\/\/assets.calendly.com\/assets\/external\/widget.js\" async><\/script>\n<!-- Calendly inline widget end -->\t\t\t\t<\/div>\n\t\t\t\t<\/div>\n\t\t\t\t<\/div>","protected":false},"excerpt":{"rendered":"<p>Business Consulting in Canada Hands-on Support for German-Speaking Businesses and Professional I support German-speaking entrepreneurs, professionals, and companies with their market entry into Canada \u2014 whether by opening a branch, launching a start-up, or relocating operations. My hands-on, local support makes a real difference when navigating the Canadian business environment. My Business Consulting Services: Providing [&hellip;]<\/p>","protected":false},"author":1,"featured_media":152,"parent":0,"menu_order":0,"comment_status":"closed","ping_status":"closed","template":"","meta":{"footnotes":""},"class_list":["post-315","page","type-page","status-publish","has-post-thumbnail","hentry"],"yoast_head":"<!-- This site is optimized with the Yoast SEO plugin v26.4 - https:\/\/yoast.com\/wordpress\/plugins\/seo\/ -->\n<title>Market Entry Canada \u2013 Business Support for German Clients<\/title>\n<meta name=\"description\" content=\"Hands-on support for German-speaking businesses entering Canada: local insights, admin guidance, and personal representation on-site.\" \/>\n<meta name=\"robots\" content=\"index, follow, max-snippet:-1, max-image-preview:large, max-video-preview:-1\" \/>\n<link rel=\"canonical\" href=\"https:\/\/baschecanada.com\/de\/business-consulting\/\" \/>\n<meta property=\"og:locale\" content=\"de_DE\" \/>\n<meta property=\"og:type\" content=\"article\" \/>\n<meta property=\"og:title\" content=\"Market Entry Canada \u2013 Business Support for German Clients\" \/>\n<meta property=\"og:description\" content=\"Hands-on support for German-speaking businesses entering Canada: local insights, admin guidance, and personal representation on-site.\" \/>\n<meta property=\"og:url\" content=\"https:\/\/baschecanada.com\/de\/business-consulting\/\" \/>\n<meta property=\"og:site_name\" content=\"baschecanada.com\" \/>\n<meta property=\"article:modified_time\" content=\"2025-12-02T17:08:10+00:00\" \/>\n<meta property=\"og:image\" content=\"https:\/\/baschecanada.com\/wp-content\/uploads\/2025\/10\/Supporting-German-Speaking-Newcomers-.png\" \/>\n\t<meta property=\"og:image:width\" content=\"940\" \/>\n\t<meta property=\"og:image:height\" content=\"788\" \/>\n\t<meta property=\"og:image:type\" content=\"image\/png\" \/>\n<meta name=\"twitter:card\" content=\"summary_large_image\" \/>\n<meta name=\"twitter:label1\" content=\"Gesch\u00e4tzte Lesezeit\" \/>\n\t<meta name=\"twitter:data1\" content=\"2\u00a0Minuten\" \/>\n<script type=\"application\/ld+json\" class=\"yoast-schema-graph\">{\"@context\":\"https:\/\/schema.org\",\"@graph\":[{\"@type\":\"WebPage\",\"@id\":\"https:\/\/baschecanada.com\/business-consulting\/\",\"url\":\"https:\/\/baschecanada.com\/business-consulting\/\",\"name\":\"Market Entry Canada \u2013 Business Support for German Clients\",\"isPartOf\":{\"@id\":\"https:\/\/baschecanada.com\/#website\"},\"primaryImageOfPage\":{\"@id\":\"https:\/\/baschecanada.com\/business-consulting\/#primaryimage\"},\"image\":{\"@id\":\"https:\/\/baschecanada.com\/business-consulting\/#primaryimage\"},\"thumbnailUrl\":\"https:\/\/baschecanada.com\/wp-content\/uploads\/2025\/10\/Supporting-German-Speaking-Newcomers-.png\",\"datePublished\":\"2025-10-28T21:15:04+00:00\",\"dateModified\":\"2025-12-02T17:08:10+00:00\",\"description\":\"Hands-on support for German-speaking businesses entering Canada: local insights, admin guidance, and personal representation on-site.\",\"breadcrumb\":{\"@id\":\"https:\/\/baschecanada.com\/business-consulting\/#breadcrumb\"},\"inLanguage\":\"de\",\"potentialAction\":[{\"@type\":\"ReadAction\",\"target\":[\"https:\/\/baschecanada.com\/business-consulting\/\"]}]},{\"@type\":\"ImageObject\",\"inLanguage\":\"de\",\"@id\":\"https:\/\/baschecanada.com\/business-consulting\/#primaryimage\",\"url\":\"https:\/\/baschecanada.com\/wp-content\/uploads\/2025\/10\/Supporting-German-Speaking-Newcomers-.png\",\"contentUrl\":\"https:\/\/baschecanada.com\/wp-content\/uploads\/2025\/10\/Supporting-German-Speaking-Newcomers-.png\",\"width\":940,\"height\":788,\"caption\":\"Market entry Canada\"},{\"@type\":\"BreadcrumbList\",\"@id\":\"https:\/\/baschecanada.com\/business-consulting\/#breadcrumb\",\"itemListElement\":[{\"@type\":\"ListItem\",\"position\":1,\"name\":\"Home\",\"item\":\"https:\/\/baschecanada.com\/\"},{\"@type\":\"ListItem\",\"position\":2,\"name\":\"Business Consulting\"}]},{\"@type\":\"WebSite\",\"@id\":\"https:\/\/baschecanada.com\/#website\",\"url\":\"https:\/\/baschecanada.com\/\",\"name\":\"baschecanada.com\",\"description\":\"\",\"publisher\":{\"@id\":\"https:\/\/baschecanada.com\/#organization\"},\"potentialAction\":[{\"@type\":\"SearchAction\",\"target\":{\"@type\":\"EntryPoint\",\"urlTemplate\":\"https:\/\/baschecanada.com\/?s={search_term_string}\"},\"query-input\":{\"@type\":\"PropertyValueSpecification\",\"valueRequired\":true,\"valueName\":\"search_term_string\"}}],\"inLanguage\":\"de\"},{\"@type\":\"Organization\",\"@id\":\"https:\/\/baschecanada.com\/#organization\",\"name\":\"baschecanada.com\",\"url\":\"https:\/\/baschecanada.com\/\",\"logo\":{\"@type\":\"ImageObject\",\"inLanguage\":\"de\",\"@id\":\"https:\/\/baschecanada.com\/#\/schema\/logo\/image\/\",\"url\":\"https:\/\/baschecanada.com\/wp-content\/uploads\/2025\/10\/Basche-Canada-1-scaled.png\",\"contentUrl\":\"https:\/\/baschecanada.com\/wp-content\/uploads\/2025\/10\/Basche-Canada-1-scaled.png\",\"width\":2560,\"height\":531,\"caption\":\"baschecanada.com\"},\"image\":{\"@id\":\"https:\/\/baschecanada.com\/#\/schema\/logo\/image\/\"}}]}<\/script>\n<!-- \/ Yoast SEO plugin. -->","yoast_head_json":{"title":"Market Entry Canada \u2013 Business Support for German Clients","description":"Hands-on support for German-speaking businesses entering Canada: local insights, admin guidance, and personal representation on-site.","robots":{"index":"index","follow":"follow","max-snippet":"max-snippet:-1","max-image-preview":"max-image-preview:large","max-video-preview":"max-video-preview:-1"},"canonical":"https:\/\/baschecanada.com\/de\/business-consulting\/","og_locale":"de_DE","og_type":"article","og_title":"Market Entry Canada \u2013 Business Support for German Clients","og_description":"Hands-on support for German-speaking businesses entering Canada: local insights, admin guidance, and personal representation on-site.","og_url":"https:\/\/baschecanada.com\/de\/business-consulting\/","og_site_name":"baschecanada.com","article_modified_time":"2025-12-02T17:08:10+00:00","og_image":[{"width":940,"height":788,"url":"https:\/\/baschecanada.com\/wp-content\/uploads\/2025\/10\/Supporting-German-Speaking-Newcomers-.png","type":"image\/png"}],"twitter_card":"summary_large_image","twitter_misc":{"Gesch\u00e4tzte Lesezeit":"2\u00a0Minuten"},"schema":{"@context":"https:\/\/schema.org","@graph":[{"@type":"WebPage","@id":"https:\/\/baschecanada.com\/business-consulting\/","url":"https:\/\/baschecanada.com\/business-consulting\/","name":"Market Entry Canada \u2013 Business Support for German Clients","isPartOf":{"@id":"https:\/\/baschecanada.com\/#website"},"primaryImageOfPage":{"@id":"https:\/\/baschecanada.com\/business-consulting\/#primaryimage"},"image":{"@id":"https:\/\/baschecanada.com\/business-consulting\/#primaryimage"},"thumbnailUrl":"https:\/\/baschecanada.com\/wp-content\/uploads\/2025\/10\/Supporting-German-Speaking-Newcomers-.png","datePublished":"2025-10-28T21:15:04+00:00","dateModified":"2025-12-02T17:08:10+00:00","description":"Hands-on support for German-speaking businesses entering Canada: local insights, admin guidance, and personal representation on-site.","breadcrumb":{"@id":"https:\/\/baschecanada.com\/business-consulting\/#breadcrumb"},"inLanguage":"de","potentialAction":[{"@type":"ReadAction","target":["https:\/\/baschecanada.com\/business-consulting\/"]}]},{"@type":"ImageObject","inLanguage":"de","@id":"https:\/\/baschecanada.com\/business-consulting\/#primaryimage","url":"https:\/\/baschecanada.com\/wp-content\/uploads\/2025\/10\/Supporting-German-Speaking-Newcomers-.png","contentUrl":"https:\/\/baschecanada.com\/wp-content\/uploads\/2025\/10\/Supporting-German-Speaking-Newcomers-.png","width":940,"height":788,"caption":"Market entry Canada"},{"@type":"BreadcrumbList","@id":"https:\/\/baschecanada.com\/business-consulting\/#breadcrumb","itemListElement":[{"@type":"ListItem","position":1,"name":"Home","item":"https:\/\/baschecanada.com\/"},{"@type":"ListItem","position":2,"name":"Business Consulting"}]},{"@type":"WebSite","@id":"https:\/\/baschecanada.com\/#website","url":"https:\/\/baschecanada.com\/","name":"baschecanada.com","description":"","publisher":{"@id":"https:\/\/baschecanada.com\/#organization"},"potentialAction":[{"@type":"SearchAction","target":{"@type":"EntryPoint","urlTemplate":"https:\/\/baschecanada.com\/?s={search_term_string}"},"query-input":{"@type":"PropertyValueSpecification","valueRequired":true,"valueName":"search_term_string"}}],"inLanguage":"de"},{"@type":"Organization","@id":"https:\/\/baschecanada.com\/#organization","name":"baschecanada.com","url":"https:\/\/baschecanada.com\/","logo":{"@type":"ImageObject","inLanguage":"de","@id":"https:\/\/baschecanada.com\/#\/schema\/logo\/image\/","url":"https:\/\/baschecanada.com\/wp-content\/uploads\/2025\/10\/Basche-Canada-1-scaled.png","contentUrl":"https:\/\/baschecanada.com\/wp-content\/uploads\/2025\/10\/Basche-Canada-1-scaled.png","width":2560,"height":531,"caption":"baschecanada.com"},"image":{"@id":"https:\/\/baschecanada.com\/#\/schema\/logo\/image\/"}}]}},"_links":{"self":[{"href":"https:\/\/baschecanada.com\/de\/wp-json\/wp\/v2\/pages\/315","targetHints":{"allow":["GET"]}}],"collection":[{"href":"https:\/\/baschecanada.com\/de\/wp-json\/wp\/v2\/pages"}],"about":[{"href":"https:\/\/baschecanada.com\/de\/wp-json\/wp\/v2\/types\/page"}],"author":[{"embeddable":true,"href":"https:\/\/baschecanada.com\/de\/wp-json\/wp\/v2\/users\/1"}],"replies":[{"embeddable":true,"href":"https:\/\/baschecanada.com\/de\/wp-json\/wp\/v2\/comments?post=315"}],"version-history":[{"count":135,"href":"https:\/\/baschecanada.com\/de\/wp-json\/wp\/v2\/pages\/315\/revisions"}],"predecessor-version":[{"id":1051,"href":"https:\/\/baschecanada.com\/de\/wp-json\/wp\/v2\/pages\/315\/revisions\/1051"}],"wp:featuredmedia":[{"embeddable":true,"href":"https:\/\/baschecanada.com\/de\/wp-json\/wp\/v2\/media\/152"}],"wp:attachment":[{"href":"https:\/\/baschecanada.com\/de\/wp-json\/wp\/v2\/media?parent=315"}],"curies":[{"name":"wp","href":"https:\/\/api.w.org\/{rel}","templated":true}]}}