{"id":317,"date":"2025-10-28T21:15:16","date_gmt":"2025-10-28T21:15:16","guid":{"rendered":"https:\/\/baschecanada.com\/?page_id=317"},"modified":"2025-12-02T17:07:26","modified_gmt":"2025-12-02T17:07:26","slug":"relocation-lifestyle-consulting","status":"publish","type":"page","link":"https:\/\/baschecanada.com\/de\/relocation-lifestyle-consulting\/","title":{"rendered":"Relocation &#038; Lifestyle Consulting"},"content":{"rendered":"<div data-elementor-type=\"wp-page\" data-elementor-id=\"317\" class=\"elementor elementor-317\" data-elementor-post-type=\"page\">\n\t\t\t\t<div class=\"elementor-element elementor-element-785dc30 e-flex e-con-boxed e-con e-parent\" data-id=\"785dc30\" data-element_type=\"container\">\n\t\t\t\t\t<div class=\"e-con-inner\">\n\t\t\t\t<div class=\"elementor-element elementor-element-cbc6109 elementor-widget elementor-widget-heading\" data-id=\"cbc6109\" data-element_type=\"widget\" data-widget_type=\"heading.default\">\n\t\t\t\t\t<h2 class=\"elementor-heading-title elementor-size-default\">Relocation &amp; Lifestyle Consulting <\/h2>\t\t\t\t<\/div>\n\t\t\t\t<div class=\"elementor-element elementor-element-466312a elementor-widget elementor-widget-heading\" data-id=\"466312a\" data-element_type=\"widget\" data-widget_type=\"heading.default\">\n\t\t\t\t\t<h2 class=\"elementor-heading-title elementor-size-default\">Pers\u00f6nliche Unterst\u00fctzung f\u00fcr deutschsprachige Expats in Kanada<\/h2>\t\t\t\t<\/div>\n\t\t\t\t<div class=\"elementor-element elementor-element-d2aa86a elementor-widget elementor-widget-text-editor\" data-id=\"d2aa86a\" data-element_type=\"widget\" data-widget_type=\"text-editor.default\">\n\t\t\t\t\t\t\t\t\t<p data-start=\"484\" data-end=\"791\">Ich begleite deutschsprachige Einzelpersonen und Familien bei ihrer Auswanderung nach Kanada \u2013 mit praktischer Unterst\u00fctzung und realit\u00e4tsnahen L\u00f6sungen, vom ersten Planungsschritt bis zum Alltag im neuen Zuhause. Ganz gleich, ob Sie aus beruflichen, famili\u00e4ren oder Lebensstil-Gr\u00fcnden umziehen \u2013 Sie m\u00fcssen diesen Weg nicht allein gehen.<\/p>\t\t\t\t\t\t\t\t<\/div>\n\t\t\t\t<div class=\"elementor-element elementor-element-620f467 elementor-widget elementor-widget-heading\" data-id=\"620f467\" data-element_type=\"widget\" data-widget_type=\"heading.default\">\n\t\t\t\t\t<h3 class=\"elementor-heading-title elementor-size-default\">Mein Relocation-Service f\u00fcr Ihren Start in Kanada:<\/h3>\t\t\t\t<\/div>\n\t\t\t\t<div class=\"elementor-element elementor-element-38fbe0a elementor-widget elementor-widget-eael-adv-accordion\" data-id=\"38fbe0a\" data-element_type=\"widget\" data-widget_type=\"eael-adv-accordion.default\">\n\t\t\t\t\t        <div class=\"eael-adv-accordion\" id=\"eael-adv-accordion-38fbe0a\" data-scroll-on-click=\"\" data-scroll-speed=\"300\" data-accordion-id=\"38fbe0a\" data-accordion-type=\"accordion\" data-toogle-speed=\"300\">\n    <div class=\"eael-accordion-list\">\n                <div id=\"orientation-and-support-on-site\" class=\"elementor-tab-title eael-accordion-header\" tabindex=\"0\" data-tab=\"1\" aria-controls=\"elementor-tab-content-5971\"><span class=\"eael-advanced-accordion-icon-closed\"><svg aria-hidden=\"true\" class=\"fa-accordion-icon e-font-icon-svg e-fas-plus\" viewbox=\"0 0 448 512\" xmlns=\"http:\/\/www.w3.org\/2000\/svg\"><path d=\"M416 208H272V64c0-17.67-14.33-32-32-32h-32c-17.67 0-32 14.33-32 32v144H32c-17.67 0-32 14.33-32 32v32c0 17.67 14.33 32 32 32h144v144c0 17.67 14.33 32 32 32h32c17.67 0 32-14.33 32-32V304h144c17.67 0 32-14.33 32-32v-32c0-17.67-14.33-32-32-32z\"><\/path><\/svg><\/span><span class=\"eael-advanced-accordion-icon-opened\"><svg aria-hidden=\"true\" class=\"fa-accordion-icon e-font-icon-svg e-fas-minus\" viewbox=\"0 0 448 512\" xmlns=\"http:\/\/www.w3.org\/2000\/svg\"><path d=\"M416 208H32c-17.67 0-32 14.33-32 32v32c0 17.67 14.33 32 32 32h384c17.67 0 32-14.33 32-32v-32c0-17.67-14.33-32-32-32z\"><\/path><\/svg><\/span><h5 class=\"eael-accordion-tab-title\">Orientierung und Begleitung vor Ort<\/h5><\/div><div id=\"elementor-tab-content-5971\" class=\"eael-accordion-content clearfix\" data-tab=\"1\" aria-labelledby=\"orientation-and-support-on-site\"><p data-start=\"1057\" data-end=\"1213\">Pers\u00f6nliche Einf\u00fchrung in Stadt oder Wohnumfeld \u2013 abgestimmt auf Ihre Bed\u00fcrfnisse, Ihre Familiensituation und Ihre Lebensgewohnheiten.<\/p><\/div>\n                <\/div><div class=\"eael-accordion-list\">\n                <div id=\"help-finding-housing-and-schools\" class=\"elementor-tab-title eael-accordion-header\" tabindex=\"0\" data-tab=\"2\" aria-controls=\"elementor-tab-content-5972\"><span class=\"eael-advanced-accordion-icon-closed\"><svg aria-hidden=\"true\" class=\"fa-accordion-icon e-font-icon-svg e-fas-plus\" viewbox=\"0 0 448 512\" xmlns=\"http:\/\/www.w3.org\/2000\/svg\"><path d=\"M416 208H272V64c0-17.67-14.33-32-32-32h-32c-17.67 0-32 14.33-32 32v144H32c-17.67 0-32 14.33-32 32v32c0 17.67 14.33 32 32 32h144v144c0 17.67 14.33 32 32 32h32c17.67 0 32-14.33 32-32V304h144c17.67 0 32-14.33 32-32v-32c0-17.67-14.33-32-32-32z\"><\/path><\/svg><\/span><span class=\"eael-advanced-accordion-icon-opened\"><svg aria-hidden=\"true\" class=\"fa-accordion-icon e-font-icon-svg e-fas-minus\" viewbox=\"0 0 448 512\" xmlns=\"http:\/\/www.w3.org\/2000\/svg\"><path d=\"M416 208H32c-17.67 0-32 14.33-32 32v32c0 17.67 14.33 32 32 32h384c17.67 0 32-14.33 32-32v-32c0-17.67-14.33-32-32-32z\"><\/path><\/svg><\/span><h5 class=\"eael-accordion-tab-title\">Hilfe bei der Suche nach Wohnung und Schule<\/h5><\/div><div id=\"elementor-tab-content-5972\" class=\"eael-accordion-content clearfix\" data-tab=\"2\" aria-labelledby=\"help-finding-housing-and-schools\"><p data-start=\"1217\" data-end=\"1389\">Unterst\u00fctzung bei der Auswahl eines geeigneten Immobilienmaklers f\u00fcr Mietobjekte oder den Hauskauf sowie bei der Identifizierung passender Schuloptionen auf Basis Ihrer pers\u00f6nlichen Priorit\u00e4ten.<\/p><\/div>\n                <\/div><div class=\"eael-accordion-list\">\n                <div id=\"connecting-with-local-contacts-and-resources\" class=\"elementor-tab-title eael-accordion-header\" tabindex=\"0\" data-tab=\"3\" aria-controls=\"elementor-tab-content-5973\"><span class=\"eael-advanced-accordion-icon-closed\"><svg aria-hidden=\"true\" class=\"fa-accordion-icon e-font-icon-svg e-fas-plus\" viewbox=\"0 0 448 512\" xmlns=\"http:\/\/www.w3.org\/2000\/svg\"><path d=\"M416 208H272V64c0-17.67-14.33-32-32-32h-32c-17.67 0-32 14.33-32 32v144H32c-17.67 0-32 14.33-32 32v32c0 17.67 14.33 32 32 32h144v144c0 17.67 14.33 32 32 32h32c17.67 0 32-14.33 32-32V304h144c17.67 0 32-14.33 32-32v-32c0-17.67-14.33-32-32-32z\"><\/path><\/svg><\/span><span class=\"eael-advanced-accordion-icon-opened\"><svg aria-hidden=\"true\" class=\"fa-accordion-icon e-font-icon-svg e-fas-minus\" viewbox=\"0 0 448 512\" xmlns=\"http:\/\/www.w3.org\/2000\/svg\"><path d=\"M416 208H32c-17.67 0-32 14.33-32 32v32c0 17.67 14.33 32 32 32h384c17.67 0 32-14.33 32-32v-32c0-17.67-14.33-32-32-32z\"><\/path><\/svg><\/span><h5 class=\"eael-accordion-tab-title\">Vernetzung mit lokalen Kontakten und Partnern<\/h5><\/div><div id=\"elementor-tab-content-5973\" class=\"eael-accordion-content clearfix\" data-tab=\"3\" aria-labelledby=\"connecting-with-local-contacts-and-resources\"><p data-start=\"1393\" data-end=\"1568\">Zugang zu meinem bew\u00e4hrten Netzwerk aus Anw\u00e4lten, Steuerberatern, Immobilienmaklern und weiteren Dienstleistern, die all Ihre Bed\u00fcrfnisse abdecken.\u00a0<\/p><\/div>\n                <\/div><div class=\"eael-accordion-list\">\n                <div id=\"preparing-for-cultural-differences-and-everyday-life-in-canada\" class=\"elementor-tab-title eael-accordion-header\" tabindex=\"0\" data-tab=\"4\" aria-controls=\"elementor-tab-content-5974\"><span class=\"eael-advanced-accordion-icon-closed\"><svg aria-hidden=\"true\" class=\"fa-accordion-icon e-font-icon-svg e-fas-plus\" viewbox=\"0 0 448 512\" xmlns=\"http:\/\/www.w3.org\/2000\/svg\"><path d=\"M416 208H272V64c0-17.67-14.33-32-32-32h-32c-17.67 0-32 14.33-32 32v144H32c-17.67 0-32 14.33-32 32v32c0 17.67 14.33 32 32 32h144v144c0 17.67 14.33 32 32 32h32c17.67 0 32-14.33 32-32V304h144c17.67 0 32-14.33 32-32v-32c0-17.67-14.33-32-32-32z\"><\/path><\/svg><\/span><span class=\"eael-advanced-accordion-icon-opened\"><svg aria-hidden=\"true\" class=\"fa-accordion-icon e-font-icon-svg e-fas-minus\" viewbox=\"0 0 448 512\" xmlns=\"http:\/\/www.w3.org\/2000\/svg\"><path d=\"M416 208H32c-17.67 0-32 14.33-32 32v32c0 17.67 14.33 32 32 32h384c17.67 0 32-14.33 32-32v-32c0-17.67-14.33-32-32-32z\"><\/path><\/svg><\/span><h5 class=\"eael-accordion-tab-title\">Vorbereitung auf kulturelle Unterschiede und den kanadischen Alltag<\/h5><\/div><div id=\"elementor-tab-content-5974\" class=\"eael-accordion-content clearfix\" data-tab=\"4\" aria-labelledby=\"preparing-for-cultural-differences-and-everyday-life-in-canada\"><p data-start=\"1572\" data-end=\"1770\">Praktische Tipps zum Leben in Kanada: Was ist anders, worauf sollte man achten, und wie gelingt der soziale Einstieg leichter?<\/p><\/div>\n                <\/div><div class=\"eael-accordion-list\">\n                <div id=\"assisting-with-communication-between-you-and-service-providers\" class=\"elementor-tab-title eael-accordion-header\" tabindex=\"0\" data-tab=\"5\" aria-controls=\"elementor-tab-content-5975\"><span class=\"eael-advanced-accordion-icon-closed\"><svg aria-hidden=\"true\" class=\"fa-accordion-icon e-font-icon-svg e-fas-plus\" viewbox=\"0 0 448 512\" xmlns=\"http:\/\/www.w3.org\/2000\/svg\"><path d=\"M416 208H272V64c0-17.67-14.33-32-32-32h-32c-17.67 0-32 14.33-32 32v144H32c-17.67 0-32 14.33-32 32v32c0 17.67 14.33 32 32 32h144v144c0 17.67 14.33 32 32 32h32c17.67 0 32-14.33 32-32V304h144c17.67 0 32-14.33 32-32v-32c0-17.67-14.33-32-32-32z\"><\/path><\/svg><\/span><span class=\"eael-advanced-accordion-icon-opened\"><svg aria-hidden=\"true\" class=\"fa-accordion-icon e-font-icon-svg e-fas-minus\" viewbox=\"0 0 448 512\" xmlns=\"http:\/\/www.w3.org\/2000\/svg\"><path d=\"M416 208H32c-17.67 0-32 14.33-32 32v32c0 17.67 14.33 32 32 32h384c17.67 0 32-14.33 32-32v-32c0-17.67-14.33-32-32-32z\"><\/path><\/svg><\/span><h5 class=\"eael-accordion-tab-title\">Hilfe bei der Kommunikation mit Dienstleistern<\/h5><\/div><div id=\"elementor-tab-content-5975\" class=\"eael-accordion-content clearfix\" data-tab=\"5\" aria-labelledby=\"assisting-with-communication-between-you-and-service-providers\"><p data-start=\"1971\" data-end=\"2178\">Hilfe bei der Kommunikation mit Vermietern, Schulen, \u00c4rzten etc., um sicherzustellen, dass Ihre Anliegen klar erkannt und ber\u00fccksichtigt werden.<\/p><\/div>\n                <\/div><div class=\"eael-accordion-list\">\n                <div id=\"helping-you-ask-the-right-questions-when-talking-to-professionals\" class=\"elementor-tab-title eael-accordion-header\" tabindex=\"0\" data-tab=\"6\" aria-controls=\"elementor-tab-content-5976\"><span class=\"eael-advanced-accordion-icon-closed\"><svg aria-hidden=\"true\" class=\"fa-accordion-icon e-font-icon-svg e-fas-plus\" viewbox=\"0 0 448 512\" xmlns=\"http:\/\/www.w3.org\/2000\/svg\"><path d=\"M416 208H272V64c0-17.67-14.33-32-32-32h-32c-17.67 0-32 14.33-32 32v144H32c-17.67 0-32 14.33-32 32v32c0 17.67 14.33 32 32 32h144v144c0 17.67 14.33 32 32 32h32c17.67 0 32-14.33 32-32V304h144c17.67 0 32-14.33 32-32v-32c0-17.67-14.33-32-32-32z\"><\/path><\/svg><\/span><span class=\"eael-advanced-accordion-icon-opened\"><svg aria-hidden=\"true\" class=\"fa-accordion-icon e-font-icon-svg e-fas-minus\" viewbox=\"0 0 448 512\" xmlns=\"http:\/\/www.w3.org\/2000\/svg\"><path d=\"M416 208H32c-17.67 0-32 14.33-32 32v32c0 17.67 14.33 32 32 32h384c17.67 0 32-14.33 32-32v-32c0-17.67-14.33-32-32-32z\"><\/path><\/svg><\/span><h5 class=\"eael-accordion-tab-title\">Unterst\u00fctzung bei Gespr\u00e4chen mit Fachleuten<\/h5><\/div><div id=\"elementor-tab-content-5976\" class=\"eael-accordion-content clearfix\" data-tab=\"6\" aria-labelledby=\"helping-you-ask-the-right-questions-when-talking-to-professionals\"><p data-start=\"621\" data-end=\"875\">Verl\u00e4ssliche Antworten beginnen mit den richtigen Fragen. Wenn der Kontext nicht vollst\u00e4ndig vertraut ist, f\u00e4llt es jedoch schwer, diese pr\u00e4zise zu formulieren. Hier komme ich ins Spiel: Ich f\u00fchre Sie durch den Prozess und entwickle gemeinsam mit Ihnen die passenden Fragen \u2013 genau abgestimmt auf Ihre pers\u00f6nliche Situation.<\/p><\/div>\n                <\/div><\/div>\t\t\t\t<\/div>\n\t\t\t\t\t<\/div>\n\t\t\t\t<\/div>\n\t\t<div class=\"elementor-element elementor-element-0493ede e-con-full e-flex e-con e-child\" data-id=\"0493ede\" data-element_type=\"container\">\n\t\t\t\t<div class=\"elementor-element elementor-element-6b831b3 elementor-widget-tablet__width-initial elementor-widget elementor-widget-heading\" data-id=\"6b831b3\" data-element_type=\"widget\" data-widget_type=\"heading.default\">\n\t\t\t\t\t<h2 class=\"elementor-heading-title elementor-size-default\">Kostenlose Beratung Anfragen<\/h2>\t\t\t\t<\/div>\n\t\t\t\t<div class=\"elementor-element elementor-element-0e1b48e elementor-widget elementor-widget-text-editor\" data-id=\"0e1b48e\" data-element_type=\"widget\" data-widget_type=\"text-editor.default\">\n\t\t\t\t\t\t\t\t\t<p data-start=\"532\" data-end=\"705\">Sie planen einen Umzug nach Kanada?\u00a0<\/p><p data-start=\"532\" data-end=\"705\">Ich unterst\u00fctze Einzelpersonen und Familien mit ma\u00dfgeschneiderten L\u00f6sungen bei der Vorbereitung ihrer Auswanderung nach Kanada und beim Aufbau ihres t\u00e4glichen Lebens vor Ort.<\/p><p data-start=\"532\" data-end=\"705\">Nutzen Sie das Formular unten, um ein Beratungsgespr\u00e4ch anzufragen und herauszufinden, wie ich Sie konkret unterst\u00fctzen kann \u2013 ganz gleich, ob Sie noch in der Planungsphase sind oder bereits angekommen sind. Ich freue mich auf Ihre Nachricht!<\/p>\t\t\t\t\t\t\t\t<\/div>\n\t\t\t\t<div class=\"elementor-element elementor-element-5458ba7 elementor-widget elementor-widget-html\" data-id=\"5458ba7\" data-element_type=\"widget\" data-widget_type=\"html.default\">\n\t\t\t\t\t<!-- Calendly inline widget begin -->\n<div class=\"calendly-inline-widget\" data-url=\"https:\/\/calendly.com\/abasche6\" style=\"min-width:320px;height:700px;\"><\/div>\n<script type=\"text\/javascript\" src=\"https:\/\/assets.calendly.com\/assets\/external\/widget.js\" async><\/script>\n<!-- Calendly inline widget end -->\t\t\t\t<\/div>\n\t\t\t\t<\/div>\n\t\t\t\t<\/div>","protected":false},"excerpt":{"rendered":"<p>Relocation &amp; Lifestyle Consulting Personal Support for German-Speaking Newcomers in Canada I help German-speaking individuals, couples, and families navigate their relocation to Canada with practical, real-life support and guidance from the very first step to everyday life in your new home. Whether you&#8217;re moving for work, lifestyle, or family reasons, I make sure you&#8217;re not [&hellip;]<\/p>","protected":false},"author":1,"featured_media":0,"parent":0,"menu_order":0,"comment_status":"closed","ping_status":"closed","template":"","meta":{"footnotes":""},"class_list":["post-317","page","type-page","status-publish","hentry"],"yoast_head":"<!-- This site is optimized with the Yoast SEO plugin v26.4 - https:\/\/yoast.com\/wordpress\/plugins\/seo\/ -->\n<title>Relocation Canada \u2013 Support for German-speaking Newcomers<\/title>\n<meta name=\"description\" content=\"Relocation support in Canada for German speakers: local insight, personal help, and practical guidance for your move.\" \/>\n<meta name=\"robots\" content=\"index, follow, max-snippet:-1, max-image-preview:large, max-video-preview:-1\" \/>\n<link rel=\"canonical\" href=\"https:\/\/baschecanada.com\/de\/relocation-lifestyle-consulting\/\" \/>\n<meta property=\"og:locale\" content=\"de_DE\" \/>\n<meta property=\"og:type\" content=\"article\" \/>\n<meta property=\"og:title\" content=\"Relocation Canada \u2013 Support for German-speaking Newcomers\" \/>\n<meta property=\"og:description\" content=\"Relocation support in Canada for German speakers: local insight, personal help, and practical guidance for your move.\" \/>\n<meta property=\"og:url\" content=\"https:\/\/baschecanada.com\/de\/relocation-lifestyle-consulting\/\" \/>\n<meta property=\"og:site_name\" content=\"baschecanada.com\" \/>\n<meta property=\"article:modified_time\" content=\"2025-12-02T17:07:26+00:00\" \/>\n<meta name=\"twitter:card\" content=\"summary_large_image\" \/>\n<meta name=\"twitter:label1\" content=\"Gesch\u00e4tzte Lesezeit\" \/>\n\t<meta name=\"twitter:data1\" content=\"2\u00a0Minuten\" \/>\n<script type=\"application\/ld+json\" class=\"yoast-schema-graph\">{\"@context\":\"https:\/\/schema.org\",\"@graph\":[{\"@type\":\"WebPage\",\"@id\":\"https:\/\/baschecanada.com\/relocation-lifestyle-consulting\/\",\"url\":\"https:\/\/baschecanada.com\/relocation-lifestyle-consulting\/\",\"name\":\"Relocation Canada \u2013 Support for German-speaking Newcomers\",\"isPartOf\":{\"@id\":\"https:\/\/baschecanada.com\/#website\"},\"datePublished\":\"2025-10-28T21:15:16+00:00\",\"dateModified\":\"2025-12-02T17:07:26+00:00\",\"description\":\"Relocation support in Canada for German speakers: local insight, personal help, and practical guidance for your move.\",\"breadcrumb\":{\"@id\":\"https:\/\/baschecanada.com\/relocation-lifestyle-consulting\/#breadcrumb\"},\"inLanguage\":\"de\",\"potentialAction\":[{\"@type\":\"ReadAction\",\"target\":[\"https:\/\/baschecanada.com\/relocation-lifestyle-consulting\/\"]}]},{\"@type\":\"BreadcrumbList\",\"@id\":\"https:\/\/baschecanada.com\/relocation-lifestyle-consulting\/#breadcrumb\",\"itemListElement\":[{\"@type\":\"ListItem\",\"position\":1,\"name\":\"Home\",\"item\":\"https:\/\/baschecanada.com\/\"},{\"@type\":\"ListItem\",\"position\":2,\"name\":\"Relocation &#038; Lifestyle Consulting\"}]},{\"@type\":\"WebSite\",\"@id\":\"https:\/\/baschecanada.com\/#website\",\"url\":\"https:\/\/baschecanada.com\/\",\"name\":\"baschecanada.com\",\"description\":\"\",\"publisher\":{\"@id\":\"https:\/\/baschecanada.com\/#organization\"},\"potentialAction\":[{\"@type\":\"SearchAction\",\"target\":{\"@type\":\"EntryPoint\",\"urlTemplate\":\"https:\/\/baschecanada.com\/?s={search_term_string}\"},\"query-input\":{\"@type\":\"PropertyValueSpecification\",\"valueRequired\":true,\"valueName\":\"search_term_string\"}}],\"inLanguage\":\"de\"},{\"@type\":\"Organization\",\"@id\":\"https:\/\/baschecanada.com\/#organization\",\"name\":\"baschecanada.com\",\"url\":\"https:\/\/baschecanada.com\/\",\"logo\":{\"@type\":\"ImageObject\",\"inLanguage\":\"de\",\"@id\":\"https:\/\/baschecanada.com\/#\/schema\/logo\/image\/\",\"url\":\"https:\/\/baschecanada.com\/wp-content\/uploads\/2025\/10\/Basche-Canada-1-scaled.png\",\"contentUrl\":\"https:\/\/baschecanada.com\/wp-content\/uploads\/2025\/10\/Basche-Canada-1-scaled.png\",\"width\":2560,\"height\":531,\"caption\":\"baschecanada.com\"},\"image\":{\"@id\":\"https:\/\/baschecanada.com\/#\/schema\/logo\/image\/\"}}]}<\/script>\n<!-- \/ Yoast SEO plugin. -->","yoast_head_json":{"title":"Relocation Canada \u2013 Support for German-speaking Newcomers","description":"Relocation support in Canada for German speakers: local insight, personal help, and practical guidance for your move.","robots":{"index":"index","follow":"follow","max-snippet":"max-snippet:-1","max-image-preview":"max-image-preview:large","max-video-preview":"max-video-preview:-1"},"canonical":"https:\/\/baschecanada.com\/de\/relocation-lifestyle-consulting\/","og_locale":"de_DE","og_type":"article","og_title":"Relocation Canada \u2013 Support for German-speaking Newcomers","og_description":"Relocation support in Canada for German speakers: local insight, personal help, and practical guidance for your move.","og_url":"https:\/\/baschecanada.com\/de\/relocation-lifestyle-consulting\/","og_site_name":"baschecanada.com","article_modified_time":"2025-12-02T17:07:26+00:00","twitter_card":"summary_large_image","twitter_misc":{"Gesch\u00e4tzte Lesezeit":"2\u00a0Minuten"},"schema":{"@context":"https:\/\/schema.org","@graph":[{"@type":"WebPage","@id":"https:\/\/baschecanada.com\/relocation-lifestyle-consulting\/","url":"https:\/\/baschecanada.com\/relocation-lifestyle-consulting\/","name":"Relocation Canada \u2013 Support for German-speaking Newcomers","isPartOf":{"@id":"https:\/\/baschecanada.com\/#website"},"datePublished":"2025-10-28T21:15:16+00:00","dateModified":"2025-12-02T17:07:26+00:00","description":"Relocation support in Canada for German speakers: local insight, personal help, and practical guidance for your move.","breadcrumb":{"@id":"https:\/\/baschecanada.com\/relocation-lifestyle-consulting\/#breadcrumb"},"inLanguage":"de","potentialAction":[{"@type":"ReadAction","target":["https:\/\/baschecanada.com\/relocation-lifestyle-consulting\/"]}]},{"@type":"BreadcrumbList","@id":"https:\/\/baschecanada.com\/relocation-lifestyle-consulting\/#breadcrumb","itemListElement":[{"@type":"ListItem","position":1,"name":"Home","item":"https:\/\/baschecanada.com\/"},{"@type":"ListItem","position":2,"name":"Relocation &#038; Lifestyle Consulting"}]},{"@type":"WebSite","@id":"https:\/\/baschecanada.com\/#website","url":"https:\/\/baschecanada.com\/","name":"baschecanada.com","description":"","publisher":{"@id":"https:\/\/baschecanada.com\/#organization"},"potentialAction":[{"@type":"SearchAction","target":{"@type":"EntryPoint","urlTemplate":"https:\/\/baschecanada.com\/?s={search_term_string}"},"query-input":{"@type":"PropertyValueSpecification","valueRequired":true,"valueName":"search_term_string"}}],"inLanguage":"de"},{"@type":"Organization","@id":"https:\/\/baschecanada.com\/#organization","name":"baschecanada.com","url":"https:\/\/baschecanada.com\/","logo":{"@type":"ImageObject","inLanguage":"de","@id":"https:\/\/baschecanada.com\/#\/schema\/logo\/image\/","url":"https:\/\/baschecanada.com\/wp-content\/uploads\/2025\/10\/Basche-Canada-1-scaled.png","contentUrl":"https:\/\/baschecanada.com\/wp-content\/uploads\/2025\/10\/Basche-Canada-1-scaled.png","width":2560,"height":531,"caption":"baschecanada.com"},"image":{"@id":"https:\/\/baschecanada.com\/#\/schema\/logo\/image\/"}}]}},"_links":{"self":[{"href":"https:\/\/baschecanada.com\/de\/wp-json\/wp\/v2\/pages\/317","targetHints":{"allow":["GET"]}}],"collection":[{"href":"https:\/\/baschecanada.com\/de\/wp-json\/wp\/v2\/pages"}],"about":[{"href":"https:\/\/baschecanada.com\/de\/wp-json\/wp\/v2\/types\/page"}],"author":[{"embeddable":true,"href":"https:\/\/baschecanada.com\/de\/wp-json\/wp\/v2\/users\/1"}],"replies":[{"embeddable":true,"href":"https:\/\/baschecanada.com\/de\/wp-json\/wp\/v2\/comments?post=317"}],"version-history":[{"count":81,"href":"https:\/\/baschecanada.com\/de\/wp-json\/wp\/v2\/pages\/317\/revisions"}],"predecessor-version":[{"id":1048,"href":"https:\/\/baschecanada.com\/de\/wp-json\/wp\/v2\/pages\/317\/revisions\/1048"}],"wp:attachment":[{"href":"https:\/\/baschecanada.com\/de\/wp-json\/wp\/v2\/media?parent=317"}],"curies":[{"name":"wp","href":"https:\/\/api.w.org\/{rel}","templated":true}]}}