{"id":328,"date":"2025-11-02T21:37:09","date_gmt":"2025-11-02T21:37:09","guid":{"rendered":"https:\/\/baschecanada.com\/?page_id=328"},"modified":"2025-11-02T21:45:19","modified_gmt":"2025-11-02T21:45:19","slug":"thank-you","status":"publish","type":"page","link":"https:\/\/baschecanada.com\/de\/thank-you\/","title":{"rendered":"Thank You"},"content":{"rendered":"<div data-elementor-type=\"wp-page\" data-elementor-id=\"328\" class=\"elementor elementor-328\" data-elementor-post-type=\"page\">\n\t\t\t\t<div class=\"elementor-element elementor-element-5219f49 e-flex e-con-boxed e-con e-parent\" data-id=\"5219f49\" data-element_type=\"container\" data-e-type=\"container\">\n\t\t\t\t\t<div class=\"e-con-inner\">\n\t\t\t\t<div class=\"elementor-element elementor-element-16c738c elementor-widget elementor-widget-heading\" data-id=\"16c738c\" data-element_type=\"widget\" data-e-type=\"widget\" data-widget_type=\"heading.default\">\n\t\t\t\t\t<h1 class=\"elementor-heading-title elementor-size-default\">Vielen Dank f\u00fcr Ihre Anfrage!<\/h1>\t\t\t\t<\/div>\n\t\t\t\t<div class=\"elementor-element elementor-element-580f021 elementor-widget elementor-widget-text-editor\" data-id=\"580f021\" data-element_type=\"widget\" data-e-type=\"widget\" data-widget_type=\"text-editor.default\">\n\t\t\t\t\t\t\t\t\t<p data-start=\"75\" data-end=\"176\">Ihre Nachricht ist bei mir eingegangen, und ich werde  mich in K\u00fcrze bei Ihnen melden.<\/p><p data-start=\"178\" data-end=\"331\">Wenn Sie fr\u00fcher sprechen m\u00f6chten, k\u00f6nnen Sie gerne einen <strong data-start=\"233\" data-end=\"264\">kostenlosen 40-min\u00fctigen Beratungstermin<\/strong> zu einem f\u00fcr Sie passenden Zeitpunkt \u00fcber das untenstehende Kalender-Tool buchen.<\/p>\t\t\t\t\t\t\t\t<\/div>\n\t\t\t\t\t<\/div>\n\t\t\t\t<\/div>\n\t\t<div class=\"elementor-element elementor-element-fe2f316 e-flex e-con-boxed e-con e-parent\" data-id=\"fe2f316\" data-element_type=\"container\" data-e-type=\"container\">\n\t\t\t\t\t<div class=\"e-con-inner\">\n\t\t<div class=\"elementor-element elementor-element-05a6df1 e-con-full e-flex e-con e-child\" data-id=\"05a6df1\" data-element_type=\"container\" data-e-type=\"container\">\n\t\t\t\t<div class=\"elementor-element elementor-element-fba6a4c elementor-widget elementor-widget-heading\" data-id=\"fba6a4c\" data-element_type=\"widget\" data-e-type=\"widget\" data-widget_type=\"heading.default\">\n\t\t\t\t\t<h2 class=\"elementor-heading-title elementor-size-default\">Vereinbaren Sie jetzt ein kostenloses Beratungsgespr\u00e4ch<\/h2>\t\t\t\t<\/div>\n\t\t\t\t<div class=\"elementor-element elementor-element-3bd8c31 elementor-widget elementor-widget-html\" data-id=\"3bd8c31\" data-element_type=\"widget\" data-e-type=\"widget\" data-widget_type=\"html.default\">\n\t\t\t\t\t<!-- Calendly inline widget begin -->\n<div class=\"calendly-inline-widget\" data-url=\"https:\/\/calendly.com\/abasche6\" style=\"min-width:320px;height:700px;\"><\/div>\n<script type=\"text\/javascript\" src=\"https:\/\/assets.calendly.com\/assets\/external\/widget.js\" async><\/script>\n<!-- Calendly inline widget end -->\t\t\t\t<\/div>\n\t\t\t\t<\/div>\n\t\t\t\t\t<\/div>\n\t\t\t\t<\/div>\n\t\t\t\t<\/div>","protected":false},"excerpt":{"rendered":"<p>Thank you for your enquiry! Your message has been received, and I\u2019ll get back to you shortly. If you\u2019d like to speak sooner, feel free to schedule a free 30-minute consultation at a time that works best for you using the calendar tool below. Schedule a Free Consultation with me<\/p>","protected":false},"author":1,"featured_media":0,"parent":0,"menu_order":0,"comment_status":"closed","ping_status":"closed","template":"","meta":{"footnotes":""},"class_list":["post-328","page","type-page","status-publish","hentry"],"yoast_head":"<!-- This site is optimized with the Yoast SEO plugin v27.4 - https:\/\/yoast.com\/product\/yoast-seo-wordpress\/ -->\n<title>Thank You - baschecanada.com<\/title>\n<meta name=\"robots\" content=\"index, follow, max-snippet:-1, max-image-preview:large, max-video-preview:-1\" \/>\n<link rel=\"canonical\" href=\"https:\/\/baschecanada.com\/de\/thank-you\/\" \/>\n<meta property=\"og:locale\" content=\"de_DE\" \/>\n<meta property=\"og:type\" content=\"article\" \/>\n<meta property=\"og:title\" content=\"Thank You - baschecanada.com\" \/>\n<meta property=\"og:description\" content=\"Thank you for your enquiry! Your message has been received, and I\u2019ll get back to you shortly. If you\u2019d like to speak sooner, feel free to schedule a free 30-minute consultation at a time that works best for you using the calendar tool below. Schedule a Free Consultation with me\" \/>\n<meta property=\"og:url\" content=\"https:\/\/baschecanada.com\/de\/thank-you\/\" \/>\n<meta property=\"og:site_name\" content=\"baschecanada.com\" \/>\n<meta property=\"article:modified_time\" content=\"2025-11-02T21:45:19+00:00\" \/>\n<meta name=\"twitter:card\" content=\"summary_large_image\" \/>\n<meta name=\"twitter:label1\" content=\"Gesch\u00e4tzte Lesezeit\" \/>\n\t<meta name=\"twitter:data1\" content=\"1\u00a0Minute\" \/>\n<script type=\"application\/ld+json\" class=\"yoast-schema-graph\">{\"@context\":\"https:\\\/\\\/schema.org\",\"@graph\":[{\"@type\":\"WebPage\",\"@id\":\"https:\\\/\\\/baschecanada.com\\\/thank-you\\\/\",\"url\":\"https:\\\/\\\/baschecanada.com\\\/thank-you\\\/\",\"name\":\"Thank You - baschecanada.com\",\"isPartOf\":{\"@id\":\"https:\\\/\\\/baschecanada.com\\\/#website\"},\"datePublished\":\"2025-11-02T21:37:09+00:00\",\"dateModified\":\"2025-11-02T21:45:19+00:00\",\"breadcrumb\":{\"@id\":\"https:\\\/\\\/baschecanada.com\\\/thank-you\\\/#breadcrumb\"},\"inLanguage\":\"de\",\"potentialAction\":[{\"@type\":\"ReadAction\",\"target\":[\"https:\\\/\\\/baschecanada.com\\\/thank-you\\\/\"]}]},{\"@type\":\"BreadcrumbList\",\"@id\":\"https:\\\/\\\/baschecanada.com\\\/thank-you\\\/#breadcrumb\",\"itemListElement\":[{\"@type\":\"ListItem\",\"position\":1,\"name\":\"Home\",\"item\":\"https:\\\/\\\/baschecanada.com\\\/\"},{\"@type\":\"ListItem\",\"position\":2,\"name\":\"Thank You\"}]},{\"@type\":\"WebSite\",\"@id\":\"https:\\\/\\\/baschecanada.com\\\/#website\",\"url\":\"https:\\\/\\\/baschecanada.com\\\/\",\"name\":\"baschecanada.com\",\"description\":\"\",\"publisher\":{\"@id\":\"https:\\\/\\\/baschecanada.com\\\/#organization\"},\"potentialAction\":[{\"@type\":\"SearchAction\",\"target\":{\"@type\":\"EntryPoint\",\"urlTemplate\":\"https:\\\/\\\/baschecanada.com\\\/?s={search_term_string}\"},\"query-input\":{\"@type\":\"PropertyValueSpecification\",\"valueRequired\":true,\"valueName\":\"search_term_string\"}}],\"inLanguage\":\"de\"},{\"@type\":\"Organization\",\"@id\":\"https:\\\/\\\/baschecanada.com\\\/#organization\",\"name\":\"baschecanada.com\",\"url\":\"https:\\\/\\\/baschecanada.com\\\/\",\"logo\":{\"@type\":\"ImageObject\",\"inLanguage\":\"de\",\"@id\":\"https:\\\/\\\/baschecanada.com\\\/#\\\/schema\\\/logo\\\/image\\\/\",\"url\":\"https:\\\/\\\/baschecanada.com\\\/wp-content\\\/uploads\\\/2025\\\/10\\\/Basche-Canada-1-scaled.png\",\"contentUrl\":\"https:\\\/\\\/baschecanada.com\\\/wp-content\\\/uploads\\\/2025\\\/10\\\/Basche-Canada-1-scaled.png\",\"width\":2560,\"height\":531,\"caption\":\"baschecanada.com\"},\"image\":{\"@id\":\"https:\\\/\\\/baschecanada.com\\\/#\\\/schema\\\/logo\\\/image\\\/\"}}]}<\/script>\n<!-- \/ Yoast SEO plugin. -->","yoast_head_json":{"title":"Thank You - baschecanada.com","robots":{"index":"index","follow":"follow","max-snippet":"max-snippet:-1","max-image-preview":"max-image-preview:large","max-video-preview":"max-video-preview:-1"},"canonical":"https:\/\/baschecanada.com\/de\/thank-you\/","og_locale":"de_DE","og_type":"article","og_title":"Thank You - baschecanada.com","og_description":"Thank you for your enquiry! Your message has been received, and I\u2019ll get back to you shortly. If you\u2019d like to speak sooner, feel free to schedule a free 30-minute consultation at a time that works best for you using the calendar tool below. Schedule a Free Consultation with me","og_url":"https:\/\/baschecanada.com\/de\/thank-you\/","og_site_name":"baschecanada.com","article_modified_time":"2025-11-02T21:45:19+00:00","twitter_card":"summary_large_image","twitter_misc":{"Gesch\u00e4tzte Lesezeit":"1\u00a0Minute"},"schema":{"@context":"https:\/\/schema.org","@graph":[{"@type":"WebPage","@id":"https:\/\/baschecanada.com\/thank-you\/","url":"https:\/\/baschecanada.com\/thank-you\/","name":"Thank You - baschecanada.com","isPartOf":{"@id":"https:\/\/baschecanada.com\/#website"},"datePublished":"2025-11-02T21:37:09+00:00","dateModified":"2025-11-02T21:45:19+00:00","breadcrumb":{"@id":"https:\/\/baschecanada.com\/thank-you\/#breadcrumb"},"inLanguage":"de","potentialAction":[{"@type":"ReadAction","target":["https:\/\/baschecanada.com\/thank-you\/"]}]},{"@type":"BreadcrumbList","@id":"https:\/\/baschecanada.com\/thank-you\/#breadcrumb","itemListElement":[{"@type":"ListItem","position":1,"name":"Home","item":"https:\/\/baschecanada.com\/"},{"@type":"ListItem","position":2,"name":"Thank You"}]},{"@type":"WebSite","@id":"https:\/\/baschecanada.com\/#website","url":"https:\/\/baschecanada.com\/","name":"baschecanada.com","description":"","publisher":{"@id":"https:\/\/baschecanada.com\/#organization"},"potentialAction":[{"@type":"SearchAction","target":{"@type":"EntryPoint","urlTemplate":"https:\/\/baschecanada.com\/?s={search_term_string}"},"query-input":{"@type":"PropertyValueSpecification","valueRequired":true,"valueName":"search_term_string"}}],"inLanguage":"de"},{"@type":"Organization","@id":"https:\/\/baschecanada.com\/#organization","name":"baschecanada.com","url":"https:\/\/baschecanada.com\/","logo":{"@type":"ImageObject","inLanguage":"de","@id":"https:\/\/baschecanada.com\/#\/schema\/logo\/image\/","url":"https:\/\/baschecanada.com\/wp-content\/uploads\/2025\/10\/Basche-Canada-1-scaled.png","contentUrl":"https:\/\/baschecanada.com\/wp-content\/uploads\/2025\/10\/Basche-Canada-1-scaled.png","width":2560,"height":531,"caption":"baschecanada.com"},"image":{"@id":"https:\/\/baschecanada.com\/#\/schema\/logo\/image\/"}}]}},"_links":{"self":[{"href":"https:\/\/baschecanada.com\/de\/wp-json\/wp\/v2\/pages\/328","targetHints":{"allow":["GET"]}}],"collection":[{"href":"https:\/\/baschecanada.com\/de\/wp-json\/wp\/v2\/pages"}],"about":[{"href":"https:\/\/baschecanada.com\/de\/wp-json\/wp\/v2\/types\/page"}],"author":[{"embeddable":true,"href":"https:\/\/baschecanada.com\/de\/wp-json\/wp\/v2\/users\/1"}],"replies":[{"embeddable":true,"href":"https:\/\/baschecanada.com\/de\/wp-json\/wp\/v2\/comments?post=328"}],"version-history":[{"count":6,"href":"https:\/\/baschecanada.com\/de\/wp-json\/wp\/v2\/pages\/328\/revisions"}],"predecessor-version":[{"id":338,"href":"https:\/\/baschecanada.com\/de\/wp-json\/wp\/v2\/pages\/328\/revisions\/338"}],"wp:attachment":[{"href":"https:\/\/baschecanada.com\/de\/wp-json\/wp\/v2\/media?parent=328"}],"curies":[{"name":"wp","href":"https:\/\/api.w.org\/{rel}","templated":true}]}}